{"id":10623,"date":"2026-01-19T12:06:10","date_gmt":"2026-01-19T17:06:10","guid":{"rendered":"https:\/\/quesoslaricura.com\/?post_type=product&#038;p=10623"},"modified":"2026-03-05T10:24:52","modified_gmt":"2026-03-05T15:24:52","slug":"pastel-de-pina-2","status":"publish","type":"product","link":"https:\/\/quesoslaricura.com\/en\/product\/pastel-de-pina-2\/","title":{"rendered":"Pastel de Pi\u00f1a"},"content":{"rendered":"","protected":false},"excerpt":{"rendered":"<p><strong>Item\u00a0C\u00f3digo\u00a0<\/strong><\/p>\n<p>241-1<\/p>\n<p><strong>UPC C\u00f3digo\u00a0<\/strong><\/p>\n<p>76908700241<\/p>\n<p><strong>Cantidad \u00a0<\/strong><\/p>\n<p><span data-sheets-value=\"{&quot;1&quot;:2,&quot;2&quot;:&quot;Cajax12 Und&quot;}\" data-sheets-userformat=\"{&quot;2&quot;:14915,&quot;3&quot;:{&quot;1&quot;:0},&quot;4&quot;:{&quot;1&quot;:2,&quot;2&quot;:16777215},&quot;9&quot;:1,&quot;12&quot;:0,&quot;14&quot;:{&quot;1&quot;:2,&quot;2&quot;:0},&quot;15&quot;:&quot;Nunito&quot;,&quot;16&quot;:12}\">Caja por 6 unidades de 9.3 onzas<\/span><\/p>\n<p><strong>Descripci\u00f3n<\/strong><\/p>\n<p><strong data-start=\"0\" data-end=\"18\" data-is-only-node=\"\">Pastel de Pi\u00f1a<\/strong>, pan dulce con relleno y notas arom\u00e1ticas de pi\u00f1a que aportan un toque tropical en cada bocado. Su miga suave lo hace ideal para disfrutar en el desayuno o la merienda acompa\u00f1ado de caf\u00e9, chocolate caliente o una bebida fr\u00eda. Tambi\u00e9n puede servirse en porciones para compartir, evocando el estilo de las panader\u00edas tradicionales centroamericanas.<\/p>","protected":false},"featured_media":6610,"comment_status":"open","ping_status":"closed","template":"","meta":{"_joinchat":[]},"product_brand":[],"product_cat":[48],"product_tag":[],"class_list":{"0":"post-10623","1":"product","2":"type-product","3":"status-publish","4":"has-post-thumbnail","6":"product_cat-pan","8":"first","9":"instock","10":"shipping-taxable","11":"product-type-simple"},"_links":{"self":[{"href":"https:\/\/quesoslaricura.com\/en\/wp-json\/wp\/v2\/product\/10623","targetHints":{"allow":["GET"]}}],"collection":[{"href":"https:\/\/quesoslaricura.com\/en\/wp-json\/wp\/v2\/product"}],"about":[{"href":"https:\/\/quesoslaricura.com\/en\/wp-json\/wp\/v2\/types\/product"}],"replies":[{"embeddable":true,"href":"https:\/\/quesoslaricura.com\/en\/wp-json\/wp\/v2\/comments?post=10623"}],"version-history":[{"count":2,"href":"https:\/\/quesoslaricura.com\/en\/wp-json\/wp\/v2\/product\/10623\/revisions"}],"predecessor-version":[{"id":11736,"href":"https:\/\/quesoslaricura.com\/en\/wp-json\/wp\/v2\/product\/10623\/revisions\/11736"}],"wp:featuredmedia":[{"embeddable":true,"href":"https:\/\/quesoslaricura.com\/en\/wp-json\/wp\/v2\/media\/6610"}],"wp:attachment":[{"href":"https:\/\/quesoslaricura.com\/en\/wp-json\/wp\/v2\/media?parent=10623"}],"wp:term":[{"taxonomy":"product_brand","embeddable":true,"href":"https:\/\/quesoslaricura.com\/en\/wp-json\/wp\/v2\/product_brand?post=10623"},{"taxonomy":"product_cat","embeddable":true,"href":"https:\/\/quesoslaricura.com\/en\/wp-json\/wp\/v2\/product_cat?post=10623"},{"taxonomy":"product_tag","embeddable":true,"href":"https:\/\/quesoslaricura.com\/en\/wp-json\/wp\/v2\/product_tag?post=10623"}],"curies":[{"name":"wp","href":"https:\/\/api.w.org\/{rel}","templated":true}]}}