{"id":1277,"date":"2021-09-24T13:28:37","date_gmt":"2021-09-24T18:28:37","guid":{"rendered":"http:\/\/quesoslaricura.com\/?post_type=product&#038;p=1277"},"modified":"2026-03-27T11:48:36","modified_gmt":"2026-03-27T16:48:36","slug":"la-corintena-crema-salvadorena-2","status":"publish","type":"product","link":"https:\/\/quesoslaricura.com\/en\/product\/la-corintena-crema-salvadorena-2\/","title":{"rendered":"La Corinte\u00f1a Crema Salvadore\u00f1a"},"content":{"rendered":"","protected":false},"excerpt":{"rendered":"<p><strong>Item\u00a0C\u00f3digo\u00a0<\/strong><\/p>\n<p><span data-sheets-value=\"{&quot;1&quot;:2,&quot;2&quot;:&quot;434-1&quot;}\" data-sheets-userformat=\"{&quot;2&quot;:12867,&quot;3&quot;:{&quot;1&quot;:0},&quot;4&quot;:{&quot;1&quot;:2,&quot;2&quot;:16776960},&quot;9&quot;:1,&quot;12&quot;:0,&quot;15&quot;:&quot;Nunito&quot;,&quot;16&quot;:12}\">434-1<\/span><\/p>\n<p><strong>UPC C\u00f3digo\u00a0<\/strong><\/p>\n<p><span data-sheets-value=\"{&quot;1&quot;:3,&quot;3&quot;:769087004348}\" data-sheets-userformat=\"{&quot;2&quot;:12867,&quot;3&quot;:{&quot;1&quot;:0},&quot;4&quot;:{&quot;1&quot;:2,&quot;2&quot;:16776960},&quot;9&quot;:1,&quot;12&quot;:0,&quot;15&quot;:&quot;Nunito&quot;,&quot;16&quot;:12}\">76908700434<\/span><\/p>\n<p><strong>Cantidad \u00a0<\/strong><\/p>\n<p><span data-sheets-value=\"{&quot;1&quot;:2,&quot;2&quot;:&quot;Cajax12 Und&quot;}\" data-sheets-userformat=\"{&quot;2&quot;:14915,&quot;3&quot;:{&quot;1&quot;:0},&quot;4&quot;:{&quot;1&quot;:2,&quot;2&quot;:16777215},&quot;9&quot;:1,&quot;12&quot;:0,&quot;14&quot;:{&quot;1&quot;:2,&quot;2&quot;:0},&quot;15&quot;:&quot;Nunito&quot;,&quot;16&quot;:12}\">Caja por 35 unidades de 14 onzas<\/span><\/p>\n<p><strong>Descripci\u00f3n<\/strong><\/p>\n<p>Crema salvadore\u00f1a suave y cremosa, ideal para acompa\u00f1ar pupusas, yuca frita, tamales, pl\u00e1tanos y desayunos tradicionales. Sabor aut\u00e9ntico para compartir y el consumo diario.<\/p>","protected":false},"featured_media":3607,"comment_status":"open","ping_status":"closed","template":"","meta":{"_joinchat":[]},"product_brand":[],"product_cat":[67],"product_tag":[],"class_list":{"0":"post-1277","1":"product","2":"type-product","3":"status-publish","4":"has-post-thumbnail","6":"product_cat-cremasenbolsa","8":"first","9":"instock","10":"shipping-taxable","11":"product-type-simple"},"_links":{"self":[{"href":"https:\/\/quesoslaricura.com\/en\/wp-json\/wp\/v2\/product\/1277","targetHints":{"allow":["GET"]}}],"collection":[{"href":"https:\/\/quesoslaricura.com\/en\/wp-json\/wp\/v2\/product"}],"about":[{"href":"https:\/\/quesoslaricura.com\/en\/wp-json\/wp\/v2\/types\/product"}],"replies":[{"embeddable":true,"href":"https:\/\/quesoslaricura.com\/en\/wp-json\/wp\/v2\/comments?post=1277"}],"version-history":[{"count":3,"href":"https:\/\/quesoslaricura.com\/en\/wp-json\/wp\/v2\/product\/1277\/revisions"}],"predecessor-version":[{"id":12391,"href":"https:\/\/quesoslaricura.com\/en\/wp-json\/wp\/v2\/product\/1277\/revisions\/12391"}],"wp:featuredmedia":[{"embeddable":true,"href":"https:\/\/quesoslaricura.com\/en\/wp-json\/wp\/v2\/media\/3607"}],"wp:attachment":[{"href":"https:\/\/quesoslaricura.com\/en\/wp-json\/wp\/v2\/media?parent=1277"}],"wp:term":[{"taxonomy":"product_brand","embeddable":true,"href":"https:\/\/quesoslaricura.com\/en\/wp-json\/wp\/v2\/product_brand?post=1277"},{"taxonomy":"product_cat","embeddable":true,"href":"https:\/\/quesoslaricura.com\/en\/wp-json\/wp\/v2\/product_cat?post=1277"},{"taxonomy":"product_tag","embeddable":true,"href":"https:\/\/quesoslaricura.com\/en\/wp-json\/wp\/v2\/product_tag?post=1277"}],"curies":[{"name":"wp","href":"https:\/\/api.w.org\/{rel}","templated":true}]}}