{"id":1385,"date":"2021-09-28T15:06:02","date_gmt":"2021-09-28T20:06:02","guid":{"rendered":"http:\/\/quesoslaricura.com\/?post_type=product&#038;p=1385"},"modified":"2026-02-19T11:46:08","modified_gmt":"2026-02-19T16:46:08","slug":"queso-para-freir","status":"publish","type":"product","link":"https:\/\/quesoslaricura.com\/en\/product\/queso-para-freir\/","title":{"rendered":"Queso para freir"},"content":{"rendered":"","protected":false},"excerpt":{"rendered":"<p><strong>Item C\u00f3digo:\u00a0<\/strong><\/p>\n<p><span data-sheets-value=\"{&quot;1&quot;:2,&quot;2&quot;:&quot;816-1&quot;}\" data-sheets-userformat=\"{&quot;2&quot;:12867,&quot;3&quot;:{&quot;1&quot;:0},&quot;4&quot;:{&quot;1&quot;:2,&quot;2&quot;:16777215},&quot;9&quot;:1,&quot;12&quot;:0,&quot;15&quot;:&quot;Nunito&quot;,&quot;16&quot;:12}\">816-1<\/span><\/p>\n<p><strong>UPC Code<\/strong><\/p>\n<p><span data-sheets-value=\"{&quot;1&quot;:3,&quot;3&quot;:769087008162}\" data-sheets-userformat=\"{&quot;2&quot;:12867,&quot;3&quot;:{&quot;1&quot;:0},&quot;4&quot;:{&quot;1&quot;:2,&quot;2&quot;:16777215},&quot;9&quot;:1,&quot;12&quot;:0,&quot;15&quot;:&quot;Nunito&quot;,&quot;16&quot;:12}\">76908700816<\/span><\/p>\n<p><strong>Cantidad<\/strong><\/p>\n<div><span lang=\"ES\">Caja por 6 unidades de 30 onzas<\/span><\/div>\n<div><\/div>\n<div><\/div>\n<p><\/p>\n<div><b>Descripci\u00f3n<\/b><\/div>\n<div><\/div>\n<div><strong data-start=\"0\" data-end=\"20\" data-is-only-node=\"\">Queso para fre\u00edr<\/strong>, elaborado para mantener su forma al contacto con el calor y desarrollar una superficie dorada y ligeramente crujiente. Ideal para acompa\u00f1ar desayunos con huevos y pl\u00e1tano maduro, servir junto a arroz y habichuelas o incluir en bandejas t\u00edpicas caribe\u00f1as. Su textura permite cortarlo en l\u00e1minas o bastones sin que se deshaga al cocinarlo.<\/div>","protected":false},"featured_media":6493,"comment_status":"open","ping_status":"closed","template":"","meta":{"_joinchat":[]},"product_brand":[],"product_cat":[40],"product_tag":[],"class_list":{"0":"post-1385","1":"product","2":"type-product","3":"status-publish","4":"has-post-thumbnail","6":"product_cat-quesoscaribenos","8":"first","9":"instock","10":"shipping-taxable","11":"product-type-simple"},"_links":{"self":[{"href":"https:\/\/quesoslaricura.com\/en\/wp-json\/wp\/v2\/product\/1385","targetHints":{"allow":["GET"]}}],"collection":[{"href":"https:\/\/quesoslaricura.com\/en\/wp-json\/wp\/v2\/product"}],"about":[{"href":"https:\/\/quesoslaricura.com\/en\/wp-json\/wp\/v2\/types\/product"}],"replies":[{"embeddable":true,"href":"https:\/\/quesoslaricura.com\/en\/wp-json\/wp\/v2\/comments?post=1385"}],"version-history":[{"count":4,"href":"https:\/\/quesoslaricura.com\/en\/wp-json\/wp\/v2\/product\/1385\/revisions"}],"predecessor-version":[{"id":11590,"href":"https:\/\/quesoslaricura.com\/en\/wp-json\/wp\/v2\/product\/1385\/revisions\/11590"}],"wp:featuredmedia":[{"embeddable":true,"href":"https:\/\/quesoslaricura.com\/en\/wp-json\/wp\/v2\/media\/6493"}],"wp:attachment":[{"href":"https:\/\/quesoslaricura.com\/en\/wp-json\/wp\/v2\/media?parent=1385"}],"wp:term":[{"taxonomy":"product_brand","embeddable":true,"href":"https:\/\/quesoslaricura.com\/en\/wp-json\/wp\/v2\/product_brand?post=1385"},{"taxonomy":"product_cat","embeddable":true,"href":"https:\/\/quesoslaricura.com\/en\/wp-json\/wp\/v2\/product_cat?post=1385"},{"taxonomy":"product_tag","embeddable":true,"href":"https:\/\/quesoslaricura.com\/en\/wp-json\/wp\/v2\/product_tag?post=1385"}],"curies":[{"name":"wp","href":"https:\/\/api.w.org\/{rel}","templated":true}]}}