{"id":1389,"date":"2021-09-28T15:13:53","date_gmt":"2021-09-28T20:13:53","guid":{"rendered":"http:\/\/quesoslaricura.com\/?post_type=product&#038;p=1389"},"modified":"2026-02-19T11:34:54","modified_gmt":"2026-02-19T16:34:54","slug":"queso-de-freir-dominicano","status":"publish","type":"product","link":"https:\/\/quesoslaricura.com\/en\/product\/queso-de-freir-dominicano\/","title":{"rendered":"Queso de freir Dominicano"},"content":{"rendered":"","protected":false},"excerpt":{"rendered":"<p><strong>Item C\u00f3digo:\u00a0<\/strong><\/p>\n<p><span data-sheets-value=\"{&quot;1&quot;:2,&quot;2&quot;:&quot;820-1&quot;}\" data-sheets-userformat=\"{&quot;2&quot;:12867,&quot;3&quot;:{&quot;1&quot;:0},&quot;4&quot;:{&quot;1&quot;:2,&quot;2&quot;:16777215},&quot;9&quot;:1,&quot;12&quot;:0,&quot;15&quot;:&quot;Nunito&quot;,&quot;16&quot;:12}\">820-1<\/span><\/p>\n<p><strong>UPC Code<\/strong><\/p>\n<p><span data-sheets-value=\"{&quot;1&quot;:3,&quot;3&quot;:769087008209}\" data-sheets-userformat=\"{&quot;2&quot;:12867,&quot;3&quot;:{&quot;1&quot;:0},&quot;4&quot;:{&quot;1&quot;:2,&quot;2&quot;:16777215},&quot;9&quot;:1,&quot;12&quot;:0,&quot;15&quot;:&quot;Nunito&quot;,&quot;16&quot;:12}\">76908700820<\/span><\/p>\n<p><strong>Cantidad<\/strong><\/p>\n<div><span lang=\"ES\">Caja por 6 unidades de 30 onzas<\/span><\/div>\n<div><\/div>\n<div><strong>Descripci\u00f3n<\/strong><\/div>\n<div><strong data-start=\"0\" data-end=\"29\" data-is-only-node=\"\">Queso de fre\u00edr dominicano<\/strong>, dise\u00f1ado para dorarse por fuera y mantenerse firme por dentro sin derretirse en exceso. Ideal para acompa\u00f1ar mang\u00fa con salami, servir con tostones o incluir en el cl\u00e1sico desayuno dominicano. Al pasarlo por la sart\u00e9n desarrolla una capa exterior crujiente mientras conserva su textura interna.<\/div>","protected":false},"featured_media":6491,"comment_status":"open","ping_status":"closed","template":"","meta":{"_joinchat":[]},"product_brand":[],"product_cat":[40],"product_tag":[],"class_list":{"0":"post-1389","1":"product","2":"type-product","3":"status-publish","4":"has-post-thumbnail","6":"product_cat-quesoscaribenos","8":"first","9":"instock","10":"shipping-taxable","11":"product-type-simple"},"_links":{"self":[{"href":"https:\/\/quesoslaricura.com\/en\/wp-json\/wp\/v2\/product\/1389","targetHints":{"allow":["GET"]}}],"collection":[{"href":"https:\/\/quesoslaricura.com\/en\/wp-json\/wp\/v2\/product"}],"about":[{"href":"https:\/\/quesoslaricura.com\/en\/wp-json\/wp\/v2\/types\/product"}],"replies":[{"embeddable":true,"href":"https:\/\/quesoslaricura.com\/en\/wp-json\/wp\/v2\/comments?post=1389"}],"version-history":[{"count":2,"href":"https:\/\/quesoslaricura.com\/en\/wp-json\/wp\/v2\/product\/1389\/revisions"}],"predecessor-version":[{"id":11584,"href":"https:\/\/quesoslaricura.com\/en\/wp-json\/wp\/v2\/product\/1389\/revisions\/11584"}],"wp:featuredmedia":[{"embeddable":true,"href":"https:\/\/quesoslaricura.com\/en\/wp-json\/wp\/v2\/media\/6491"}],"wp:attachment":[{"href":"https:\/\/quesoslaricura.com\/en\/wp-json\/wp\/v2\/media?parent=1389"}],"wp:term":[{"taxonomy":"product_brand","embeddable":true,"href":"https:\/\/quesoslaricura.com\/en\/wp-json\/wp\/v2\/product_brand?post=1389"},{"taxonomy":"product_cat","embeddable":true,"href":"https:\/\/quesoslaricura.com\/en\/wp-json\/wp\/v2\/product_cat?post=1389"},{"taxonomy":"product_tag","embeddable":true,"href":"https:\/\/quesoslaricura.com\/en\/wp-json\/wp\/v2\/product_tag?post=1389"}],"curies":[{"name":"wp","href":"https:\/\/api.w.org\/{rel}","templated":true}]}}