{"id":1580,"date":"2021-09-30T16:09:20","date_gmt":"2021-09-30T21:09:20","guid":{"rendered":"http:\/\/quesoslaricura.com\/?post_type=product&#038;p=1580"},"modified":"2026-02-18T08:59:42","modified_gmt":"2026-02-18T13:59:42","slug":"queso-duro-viejo-la-perla-de-oriente","status":"publish","type":"product","link":"https:\/\/quesoslaricura.com\/en\/product\/queso-duro-viejo-la-perla-de-oriente\/","title":{"rendered":"Queso duro viejo la perla de oriente"},"content":{"rendered":"","protected":false},"excerpt":{"rendered":"<p><strong>Item\u00a0C\u00f3digo\u00a0<\/strong><\/p>\n<p>0339-1<\/p>\n<p><strong>UPC C\u00f3digo\u00a0<\/strong><\/p>\n<p><span data-sheets-value=\"{&quot;1&quot;:3,&quot;3&quot;:769087003396}\" data-sheets-userformat=\"{&quot;2&quot;:12867,&quot;3&quot;:{&quot;1&quot;:0},&quot;4&quot;:{&quot;1&quot;:2,&quot;2&quot;:16777215},&quot;9&quot;:1,&quot;12&quot;:0,&quot;15&quot;:&quot;Nunito&quot;,&quot;16&quot;:12}\">76908700339<\/span><\/p>\n<p><strong>Cantidad \u00a0<\/strong><\/p>\n<p><span data-sheets-value=\"{&quot;1&quot;:2,&quot;2&quot;:&quot;Cajax12 Und&quot;}\" data-sheets-userformat=\"{&quot;2&quot;:14915,&quot;3&quot;:{&quot;1&quot;:0},&quot;4&quot;:{&quot;1&quot;:2,&quot;2&quot;:16777215},&quot;9&quot;:1,&quot;12&quot;:0,&quot;14&quot;:{&quot;1&quot;:2,&quot;2&quot;:0},&quot;15&quot;:&quot;Nunito&quot;,&quot;16&quot;:12}\">Caja por 30 unidades de 14 onzas<\/span><\/p>\n<p><strong>Descripci\u00f3n<\/strong><\/p>\n<p>Queso duro viejo La Perla de Oriente, a\u00f1ejado y de textura firme, ideal para rallar al momento o cortar en l\u00e1minas delgadas. Excelente para acompa\u00f1ar frijoles calientes, arroz blanco, sopas tradicionales o tortillas reci\u00e9n hechas. Aporta sabor intenso y buen rendimiento en cada preparaci\u00f3n.<\/p>","protected":false},"featured_media":9762,"comment_status":"open","ping_status":"closed","template":"","meta":{"_joinchat":[]},"product_brand":[],"product_cat":[39],"product_tag":[],"class_list":{"0":"post-1580","1":"product","2":"type-product","3":"status-publish","4":"has-post-thumbnail","6":"product_cat-quesosduros","8":"first","9":"instock","10":"shipping-taxable","11":"product-type-simple"},"_links":{"self":[{"href":"https:\/\/quesoslaricura.com\/en\/wp-json\/wp\/v2\/product\/1580","targetHints":{"allow":["GET"]}}],"collection":[{"href":"https:\/\/quesoslaricura.com\/en\/wp-json\/wp\/v2\/product"}],"about":[{"href":"https:\/\/quesoslaricura.com\/en\/wp-json\/wp\/v2\/types\/product"}],"replies":[{"embeddable":true,"href":"https:\/\/quesoslaricura.com\/en\/wp-json\/wp\/v2\/comments?post=1580"}],"version-history":[{"count":2,"href":"https:\/\/quesoslaricura.com\/en\/wp-json\/wp\/v2\/product\/1580\/revisions"}],"predecessor-version":[{"id":11542,"href":"https:\/\/quesoslaricura.com\/en\/wp-json\/wp\/v2\/product\/1580\/revisions\/11542"}],"wp:featuredmedia":[{"embeddable":true,"href":"https:\/\/quesoslaricura.com\/en\/wp-json\/wp\/v2\/media\/9762"}],"wp:attachment":[{"href":"https:\/\/quesoslaricura.com\/en\/wp-json\/wp\/v2\/media?parent=1580"}],"wp:term":[{"taxonomy":"product_brand","embeddable":true,"href":"https:\/\/quesoslaricura.com\/en\/wp-json\/wp\/v2\/product_brand?post=1580"},{"taxonomy":"product_cat","embeddable":true,"href":"https:\/\/quesoslaricura.com\/en\/wp-json\/wp\/v2\/product_cat?post=1580"},{"taxonomy":"product_tag","embeddable":true,"href":"https:\/\/quesoslaricura.com\/en\/wp-json\/wp\/v2\/product_tag?post=1580"}],"curies":[{"name":"wp","href":"https:\/\/api.w.org\/{rel}","templated":true}]}}