{"id":1604,"date":"2021-09-30T18:39:29","date_gmt":"2021-09-30T23:39:29","guid":{"rendered":"http:\/\/quesoslaricura.com\/?post_type=product&#038;p=1604"},"modified":"2026-02-16T16:28:38","modified_gmt":"2026-02-16T21:28:38","slug":"aserrin-de-queso-de-mi-campo","status":"publish","type":"product","link":"https:\/\/quesoslaricura.com\/en\/product\/aserrin-de-queso-de-mi-campo\/","title":{"rendered":"Aserrin de queso de mi campo"},"content":{"rendered":"","protected":false},"excerpt":{"rendered":"<p><strong>Item\u00a0C\u00f3digo\u00a0<\/strong><\/p>\n<p>87-1<\/p>\n<p><strong>UPC C\u00f3digo\u00a0<\/strong><\/p>\n<p><span data-sheets-value=\"{&quot;1&quot;:3,&quot;3&quot;:769087000876}\" data-sheets-userformat=\"{&quot;2&quot;:12867,&quot;3&quot;:{&quot;1&quot;:0},&quot;4&quot;:{&quot;1&quot;:2,&quot;2&quot;:16777215},&quot;9&quot;:1,&quot;12&quot;:0,&quot;15&quot;:&quot;Nunito&quot;,&quot;16&quot;:12}\">76908700087<\/span><\/p>\n<p><strong>Cantidad \u00a0<\/strong><\/p>\n<p><span data-sheets-value=\"{&quot;1&quot;:2,&quot;2&quot;:&quot;Cajax12 Und&quot;}\" data-sheets-userformat=\"{&quot;2&quot;:14915,&quot;3&quot;:{&quot;1&quot;:0},&quot;4&quot;:{&quot;1&quot;:2,&quot;2&quot;:16777215},&quot;9&quot;:1,&quot;12&quot;:0,&quot;14&quot;:{&quot;1&quot;:2,&quot;2&quot;:0},&quot;15&quot;:&quot;Nunito&quot;,&quot;16&quot;:12}\">Caja por 30 unidades de 14 onzas<\/span><\/p>\n<p><strong>Descripci\u00f3n<\/strong><\/p>\n<p>Aserr\u00edn de queso De Mi Campo, rallado fino y listo para espolvorear, ideal para acompa\u00f1ar arepas, empanadas, pastas o sopas caseras. Pr\u00e1ctico para aportar sabor y textura en comidas tradicionales.<\/p>\n<p>&nbsp;<\/p>","protected":false},"featured_media":6930,"comment_status":"open","ping_status":"closed","template":"","meta":{"_joinchat":[]},"product_brand":[],"product_cat":[39],"product_tag":[],"class_list":{"0":"post-1604","1":"product","2":"type-product","3":"status-publish","4":"has-post-thumbnail","6":"product_cat-quesosduros","8":"first","9":"instock","10":"shipping-taxable","11":"product-type-simple"},"_links":{"self":[{"href":"https:\/\/quesoslaricura.com\/en\/wp-json\/wp\/v2\/product\/1604","targetHints":{"allow":["GET"]}}],"collection":[{"href":"https:\/\/quesoslaricura.com\/en\/wp-json\/wp\/v2\/product"}],"about":[{"href":"https:\/\/quesoslaricura.com\/en\/wp-json\/wp\/v2\/types\/product"}],"replies":[{"embeddable":true,"href":"https:\/\/quesoslaricura.com\/en\/wp-json\/wp\/v2\/comments?post=1604"}],"version-history":[{"count":2,"href":"https:\/\/quesoslaricura.com\/en\/wp-json\/wp\/v2\/product\/1604\/revisions"}],"predecessor-version":[{"id":11487,"href":"https:\/\/quesoslaricura.com\/en\/wp-json\/wp\/v2\/product\/1604\/revisions\/11487"}],"wp:featuredmedia":[{"embeddable":true,"href":"https:\/\/quesoslaricura.com\/en\/wp-json\/wp\/v2\/media\/6930"}],"wp:attachment":[{"href":"https:\/\/quesoslaricura.com\/en\/wp-json\/wp\/v2\/media?parent=1604"}],"wp:term":[{"taxonomy":"product_brand","embeddable":true,"href":"https:\/\/quesoslaricura.com\/en\/wp-json\/wp\/v2\/product_brand?post=1604"},{"taxonomy":"product_cat","embeddable":true,"href":"https:\/\/quesoslaricura.com\/en\/wp-json\/wp\/v2\/product_cat?post=1604"},{"taxonomy":"product_tag","embeddable":true,"href":"https:\/\/quesoslaricura.com\/en\/wp-json\/wp\/v2\/product_tag?post=1604"}],"curies":[{"name":"wp","href":"https:\/\/api.w.org\/{rel}","templated":true}]}}