{"id":1606,"date":"2021-09-30T18:42:32","date_gmt":"2021-09-30T23:42:32","guid":{"rendered":"http:\/\/quesoslaricura.com\/?post_type=product&#038;p=1606"},"modified":"2026-03-19T17:02:25","modified_gmt":"2026-03-19T22:02:25","slug":"aloe-vera-strawberry-12-case-1-5-lt","status":"publish","type":"product","link":"https:\/\/quesoslaricura.com\/en\/product\/aloe-vera-strawberry-12-case-1-5-lt\/","title":{"rendered":"Aloe vera strawberry"},"content":{"rendered":"","protected":false},"excerpt":{"rendered":"<p><strong>Item\u00a0C\u00f3digo\u00a0<\/strong><\/p>\n<p><span data-sheets-value=\"{&quot;1&quot;:2,&quot;2&quot;:&quot;AV166-1&quot;}\" data-sheets-userformat=\"{&quot;2&quot;:12867,&quot;3&quot;:{&quot;1&quot;:0},&quot;4&quot;:{&quot;1&quot;:2,&quot;2&quot;:16777215},&quot;9&quot;:1,&quot;12&quot;:0,&quot;15&quot;:&quot;Nunito&quot;,&quot;16&quot;:12}\">AV166-1<\/span><\/p>\n<p><strong>UPC C\u00f3digo\u00a0<\/strong><\/p>\n<p><span data-sheets-value=\"{&quot;1&quot;:3,&quot;3&quot;:896650001661}\" data-sheets-userformat=\"{&quot;2&quot;:12867,&quot;3&quot;:{&quot;1&quot;:0},&quot;4&quot;:{&quot;1&quot;:2,&quot;2&quot;:16777215},&quot;9&quot;:1,&quot;12&quot;:0,&quot;15&quot;:&quot;Nunito&quot;,&quot;16&quot;:12}\">896650001661<\/span><\/p>\n<p><strong>Cantidad \u00a0<\/strong><\/p>\n<p><span data-sheets-value=\"{&quot;1&quot;:2,&quot;2&quot;:&quot;Cajax12 Und&quot;}\" data-sheets-userformat=\"{&quot;2&quot;:14915,&quot;3&quot;:{&quot;1&quot;:0},&quot;4&quot;:{&quot;1&quot;:2,&quot;2&quot;:16777215},&quot;9&quot;:1,&quot;12&quot;:0,&quot;14&quot;:{&quot;1&quot;:2,&quot;2&quot;:0},&quot;15&quot;:&quot;Nunito&quot;,&quot;16&quot;:12}\">Caja por 12 unidades de 1.5 litros<\/span><\/p>\n<p><strong>Descripci\u00f3n<\/strong><\/p>\n<p>Bebida de s\u00e1bila con sabor a fresa en presentaci\u00f3n grande, dulce y refrescante. Perfecta para toda la familia o para acompa\u00f1ar comidas.<\/p>","protected":false},"featured_media":3315,"comment_status":"open","ping_status":"closed","template":"","meta":{"_joinchat":[]},"product_brand":[],"product_cat":[58,63],"product_tag":[],"class_list":{"0":"post-1606","1":"product","2":"type-product","3":"status-publish","4":"has-post-thumbnail","6":"product_cat-grocery","7":"product_cat-aloevera","9":"first","10":"instock","11":"shipping-taxable","12":"product-type-simple"},"_links":{"self":[{"href":"https:\/\/quesoslaricura.com\/en\/wp-json\/wp\/v2\/product\/1606","targetHints":{"allow":["GET"]}}],"collection":[{"href":"https:\/\/quesoslaricura.com\/en\/wp-json\/wp\/v2\/product"}],"about":[{"href":"https:\/\/quesoslaricura.com\/en\/wp-json\/wp\/v2\/types\/product"}],"replies":[{"embeddable":true,"href":"https:\/\/quesoslaricura.com\/en\/wp-json\/wp\/v2\/comments?post=1606"}],"version-history":[{"count":1,"href":"https:\/\/quesoslaricura.com\/en\/wp-json\/wp\/v2\/product\/1606\/revisions"}],"predecessor-version":[{"id":12187,"href":"https:\/\/quesoslaricura.com\/en\/wp-json\/wp\/v2\/product\/1606\/revisions\/12187"}],"wp:featuredmedia":[{"embeddable":true,"href":"https:\/\/quesoslaricura.com\/en\/wp-json\/wp\/v2\/media\/3315"}],"wp:attachment":[{"href":"https:\/\/quesoslaricura.com\/en\/wp-json\/wp\/v2\/media?parent=1606"}],"wp:term":[{"taxonomy":"product_brand","embeddable":true,"href":"https:\/\/quesoslaricura.com\/en\/wp-json\/wp\/v2\/product_brand?post=1606"},{"taxonomy":"product_cat","embeddable":true,"href":"https:\/\/quesoslaricura.com\/en\/wp-json\/wp\/v2\/product_cat?post=1606"},{"taxonomy":"product_tag","embeddable":true,"href":"https:\/\/quesoslaricura.com\/en\/wp-json\/wp\/v2\/product_tag?post=1606"}],"curies":[{"name":"wp","href":"https:\/\/api.w.org\/{rel}","templated":true}]}}