{"id":3042,"date":"2021-10-29T19:49:15","date_gmt":"2021-10-30T00:49:15","guid":{"rendered":"https:\/\/quesoslaricura.com\/?post_type=product&#038;p=3042"},"modified":"2026-03-04T09:21:30","modified_gmt":"2026-03-04T14:21:30","slug":"mango-lowfat-dary-smoothie","status":"publish","type":"product","link":"https:\/\/quesoslaricura.com\/en\/product\/mango-lowfat-dary-smoothie\/","title":{"rendered":"Mango lowfat dary smoothie"},"content":{"rendered":"","protected":false},"excerpt":{"rendered":"<p><strong>Item\u00a0C\u00f3digo\u00a0<\/strong><\/p>\n<p><span data-sheets-value=\"{&quot;1&quot;:2,&quot;2&quot;:&quot;298-1&quot;}\" data-sheets-userformat=\"{&quot;2&quot;:12867,&quot;3&quot;:{&quot;1&quot;:0},&quot;4&quot;:{&quot;1&quot;:2,&quot;2&quot;:16777215},&quot;9&quot;:1,&quot;12&quot;:0,&quot;15&quot;:&quot;Nunito&quot;,&quot;16&quot;:12}\">298-1<\/span><\/p>\n<p><strong>UPC C\u00f3digo\u00a0<\/strong><\/p>\n<p><span data-sheets-value=\"{&quot;1&quot;:3,&quot;3&quot;:769087002986}\" data-sheets-userformat=\"{&quot;2&quot;:12867,&quot;3&quot;:{&quot;1&quot;:0},&quot;4&quot;:{&quot;1&quot;:2,&quot;2&quot;:16777215},&quot;9&quot;:1,&quot;12&quot;:0,&quot;15&quot;:&quot;Nunito&quot;,&quot;16&quot;:12}\">76908700298<\/span><\/p>\n<p><strong>Cantidad \u00a0<\/strong><\/p>\n<p><span data-sheets-value=\"{&quot;1&quot;:2,&quot;2&quot;:&quot;Cajax12 Und&quot;}\" data-sheets-userformat=\"{&quot;2&quot;:14915,&quot;3&quot;:{&quot;1&quot;:0},&quot;4&quot;:{&quot;1&quot;:2,&quot;2&quot;:16777215},&quot;9&quot;:1,&quot;12&quot;:0,&quot;14&quot;:{&quot;1&quot;:2,&quot;2&quot;:0},&quot;15&quot;:&quot;Nunito&quot;,&quot;16&quot;:12}\">Caja por 12 unidades de 32 onzas<\/span><\/p>\n<p><strong>Descripci\u00f3n<\/strong><\/p>\n<p>Bebida l\u00e1ctea baja en grasa con el sabor tropical del mango maduro y textura suave. Pensado para quienes buscan una opci\u00f3n refrescante y ligera, ideal para consumir fr\u00edo como merienda, complemento del desayuno o despu\u00e9s de una actividad f\u00edsica. Su perfil frutal aporta frescura sin resultar pesado.<\/p>","protected":false},"featured_media":3643,"comment_status":"open","ping_status":"closed","template":"","meta":{"_joinchat":[]},"product_brand":[],"product_cat":[47],"product_tag":[],"class_list":{"0":"post-3042","1":"product","2":"type-product","3":"status-publish","4":"has-post-thumbnail","6":"product_cat-smoothies","8":"first","9":"instock","10":"shipping-taxable","11":"product-type-simple"},"_links":{"self":[{"href":"https:\/\/quesoslaricura.com\/en\/wp-json\/wp\/v2\/product\/3042","targetHints":{"allow":["GET"]}}],"collection":[{"href":"https:\/\/quesoslaricura.com\/en\/wp-json\/wp\/v2\/product"}],"about":[{"href":"https:\/\/quesoslaricura.com\/en\/wp-json\/wp\/v2\/types\/product"}],"replies":[{"embeddable":true,"href":"https:\/\/quesoslaricura.com\/en\/wp-json\/wp\/v2\/comments?post=3042"}],"version-history":[{"count":2,"href":"https:\/\/quesoslaricura.com\/en\/wp-json\/wp\/v2\/product\/3042\/revisions"}],"predecessor-version":[{"id":11697,"href":"https:\/\/quesoslaricura.com\/en\/wp-json\/wp\/v2\/product\/3042\/revisions\/11697"}],"wp:featuredmedia":[{"embeddable":true,"href":"https:\/\/quesoslaricura.com\/en\/wp-json\/wp\/v2\/media\/3643"}],"wp:attachment":[{"href":"https:\/\/quesoslaricura.com\/en\/wp-json\/wp\/v2\/media?parent=3042"}],"wp:term":[{"taxonomy":"product_brand","embeddable":true,"href":"https:\/\/quesoslaricura.com\/en\/wp-json\/wp\/v2\/product_brand?post=3042"},{"taxonomy":"product_cat","embeddable":true,"href":"https:\/\/quesoslaricura.com\/en\/wp-json\/wp\/v2\/product_cat?post=3042"},{"taxonomy":"product_tag","embeddable":true,"href":"https:\/\/quesoslaricura.com\/en\/wp-json\/wp\/v2\/product_tag?post=3042"}],"curies":[{"name":"wp","href":"https:\/\/api.w.org\/{rel}","templated":true}]}}