{"id":3071,"date":"2021-10-29T21:28:35","date_gmt":"2021-10-30T02:28:35","guid":{"rendered":"https:\/\/quesoslaricura.com\/?post_type=product&#038;p=3071"},"modified":"2026-03-11T15:21:07","modified_gmt":"2026-03-11T20:21:07","slug":"jamon-cocido-rebanado","status":"publish","type":"product","link":"https:\/\/quesoslaricura.com\/en\/product\/jamon-cocido-rebanado\/","title":{"rendered":"Jam\u00f3n cocido rebanado"},"content":{"rendered":"","protected":false},"excerpt":{"rendered":"<p><strong>Item\u00a0C\u00f3digo\u00a0<\/strong><\/p>\n<p><span data-sheets-value=\"{&quot;1&quot;:2,&quot;2&quot;:&quot;821-1&quot;}\" data-sheets-userformat=\"{&quot;2&quot;:12867,&quot;3&quot;:{&quot;1&quot;:0},&quot;4&quot;:{&quot;1&quot;:2,&quot;2&quot;:16777215},&quot;9&quot;:1,&quot;12&quot;:0,&quot;15&quot;:&quot;Nunito&quot;,&quot;16&quot;:12}\">821-1<\/span><\/p>\n<p><strong>UPC C\u00f3digo\u00a0<\/strong><\/p>\n<p><span data-sheets-value=\"{&quot;1&quot;:3,&quot;3&quot;:769087008216}\" data-sheets-userformat=\"{&quot;2&quot;:12867,&quot;3&quot;:{&quot;1&quot;:0},&quot;4&quot;:{&quot;1&quot;:2,&quot;2&quot;:16777215},&quot;9&quot;:1,&quot;12&quot;:0,&quot;15&quot;:&quot;Nunito&quot;,&quot;16&quot;:12}\">76908700821<\/span><\/p>\n<p><strong>Cantidad \u00a0<\/strong><\/p>\n<p><span data-sheets-value=\"{&quot;1&quot;:2,&quot;2&quot;:&quot;Cajax12und&quot;}\" data-sheets-userformat=\"{&quot;2&quot;:14915,&quot;3&quot;:{&quot;1&quot;:0},&quot;4&quot;:{&quot;1&quot;:2,&quot;2&quot;:16777215},&quot;9&quot;:1,&quot;12&quot;:0,&quot;14&quot;:{&quot;1&quot;:2,&quot;2&quot;:0},&quot;15&quot;:&quot;Nunito&quot;,&quot;16&quot;:12}\">Caja por 12 unidades de 12 onzas<\/span><\/p>\n<p><strong>Descripci\u00f3n<\/strong><\/p>\n<p>Jam\u00f3n cocido rebanado, suave y jugoso, ideal para preparar s\u00e1ndwiches, desayunos, ensaladas o como ingrediente en diferentes recetas. Su sabor delicado lo convierte en una opci\u00f3n vers\u00e1til para cualquier comida.<\/p>","protected":false},"featured_media":3764,"comment_status":"open","ping_status":"closed","template":"","meta":{"_joinchat":[]},"product_brand":[],"product_cat":[307],"product_tag":[],"class_list":{"0":"post-3071","1":"product","2":"type-product","3":"status-publish","4":"has-post-thumbnail","6":"product_cat-carnes","8":"first","9":"instock","10":"shipping-taxable","11":"product-type-simple"},"_links":{"self":[{"href":"https:\/\/quesoslaricura.com\/en\/wp-json\/wp\/v2\/product\/3071","targetHints":{"allow":["GET"]}}],"collection":[{"href":"https:\/\/quesoslaricura.com\/en\/wp-json\/wp\/v2\/product"}],"about":[{"href":"https:\/\/quesoslaricura.com\/en\/wp-json\/wp\/v2\/types\/product"}],"replies":[{"embeddable":true,"href":"https:\/\/quesoslaricura.com\/en\/wp-json\/wp\/v2\/comments?post=3071"}],"version-history":[{"count":1,"href":"https:\/\/quesoslaricura.com\/en\/wp-json\/wp\/v2\/product\/3071\/revisions"}],"predecessor-version":[{"id":12002,"href":"https:\/\/quesoslaricura.com\/en\/wp-json\/wp\/v2\/product\/3071\/revisions\/12002"}],"wp:featuredmedia":[{"embeddable":true,"href":"https:\/\/quesoslaricura.com\/en\/wp-json\/wp\/v2\/media\/3764"}],"wp:attachment":[{"href":"https:\/\/quesoslaricura.com\/en\/wp-json\/wp\/v2\/media?parent=3071"}],"wp:term":[{"taxonomy":"product_brand","embeddable":true,"href":"https:\/\/quesoslaricura.com\/en\/wp-json\/wp\/v2\/product_brand?post=3071"},{"taxonomy":"product_cat","embeddable":true,"href":"https:\/\/quesoslaricura.com\/en\/wp-json\/wp\/v2\/product_cat?post=3071"},{"taxonomy":"product_tag","embeddable":true,"href":"https:\/\/quesoslaricura.com\/en\/wp-json\/wp\/v2\/product_tag?post=3071"}],"curies":[{"name":"wp","href":"https:\/\/api.w.org\/{rel}","templated":true}]}}