{"id":3791,"date":"2021-11-11T11:06:56","date_gmt":"2021-11-11T16:06:56","guid":{"rendered":"https:\/\/quesoslaricura.com\/?post_type=product&#038;p=3791"},"modified":"2026-03-06T08:13:11","modified_gmt":"2026-03-06T13:13:11","slug":"pan-tostado-con-jalea-de-pina","status":"publish","type":"product","link":"https:\/\/quesoslaricura.com\/en\/product\/pan-tostado-con-jalea-de-pina\/","title":{"rendered":"Pan tostado con jalea de pi\u00f1a"},"content":{"rendered":"","protected":false},"excerpt":{"rendered":"<p><strong>Item\u00a0C\u00f3digo\u00a0<\/strong><\/p>\n<p>720-1<\/p>\n<p><strong>UPC C\u00f3digo\u00a0<\/strong><\/p>\n<p>76908700720<\/p>\n<p><strong>Cantidad \u00a0<\/strong><\/p>\n<p><span data-sheets-value=\"{&quot;1&quot;:2,&quot;2&quot;:&quot;Cajax 20 Und&quot;}\" data-sheets-userformat=\"{&quot;2&quot;:14915,&quot;3&quot;:{&quot;1&quot;:0},&quot;4&quot;:{&quot;1&quot;:2,&quot;2&quot;:16777215},&quot;9&quot;:1,&quot;12&quot;:0,&quot;14&quot;:{&quot;1&quot;:2,&quot;2&quot;:0},&quot;15&quot;:&quot;Nunito&quot;,&quot;16&quot;:12}\">Bandeja por 20 \u00a0unidades de 8 onzas<\/span><\/p>\n<p><strong>Descripci\u00f3n<\/strong><\/p>\n<p><strong data-start=\"0\" data-end=\"33\" data-is-only-node=\"\">Pan tostado con jalea de pi\u00f1a<\/strong>, pan crujiente con una capa dulce de jalea de pi\u00f1a que aporta un toque tropical y arom\u00e1tico. La combinaci\u00f3n entre la textura tostada y el sabor frutal lo hace ideal para acompa\u00f1ar una taza de caf\u00e9, chocolate caliente o leche durante el desayuno o la merienda. Tambi\u00e9n puede disfrutarse como un antojo dulce a cualquier hora del d\u00eda.<\/p>","protected":false},"featured_media":6884,"comment_status":"open","ping_status":"closed","template":"","meta":{"_joinchat":[]},"product_brand":[],"product_cat":[48],"product_tag":[],"class_list":{"0":"post-3791","1":"product","2":"type-product","3":"status-publish","4":"has-post-thumbnail","6":"product_cat-pan","8":"first","9":"instock","10":"shipping-taxable","11":"product-type-simple"},"_links":{"self":[{"href":"https:\/\/quesoslaricura.com\/en\/wp-json\/wp\/v2\/product\/3791","targetHints":{"allow":["GET"]}}],"collection":[{"href":"https:\/\/quesoslaricura.com\/en\/wp-json\/wp\/v2\/product"}],"about":[{"href":"https:\/\/quesoslaricura.com\/en\/wp-json\/wp\/v2\/types\/product"}],"replies":[{"embeddable":true,"href":"https:\/\/quesoslaricura.com\/en\/wp-json\/wp\/v2\/comments?post=3791"}],"version-history":[{"count":2,"href":"https:\/\/quesoslaricura.com\/en\/wp-json\/wp\/v2\/product\/3791\/revisions"}],"predecessor-version":[{"id":11767,"href":"https:\/\/quesoslaricura.com\/en\/wp-json\/wp\/v2\/product\/3791\/revisions\/11767"}],"wp:featuredmedia":[{"embeddable":true,"href":"https:\/\/quesoslaricura.com\/en\/wp-json\/wp\/v2\/media\/6884"}],"wp:attachment":[{"href":"https:\/\/quesoslaricura.com\/en\/wp-json\/wp\/v2\/media?parent=3791"}],"wp:term":[{"taxonomy":"product_brand","embeddable":true,"href":"https:\/\/quesoslaricura.com\/en\/wp-json\/wp\/v2\/product_brand?post=3791"},{"taxonomy":"product_cat","embeddable":true,"href":"https:\/\/quesoslaricura.com\/en\/wp-json\/wp\/v2\/product_cat?post=3791"},{"taxonomy":"product_tag","embeddable":true,"href":"https:\/\/quesoslaricura.com\/en\/wp-json\/wp\/v2\/product_tag?post=3791"}],"curies":[{"name":"wp","href":"https:\/\/api.w.org\/{rel}","templated":true}]}}