{"id":4071,"date":"2021-12-04T20:54:37","date_gmt":"2021-12-05T01:54:37","guid":{"rendered":"https:\/\/quesoslaricura.com\/?post_type=product&#038;p=4071"},"modified":"2026-03-02T15:20:51","modified_gmt":"2026-03-02T20:20:51","slug":"cuajada-fresca-mi-ranchito-3","status":"publish","type":"product","link":"https:\/\/quesoslaricura.com\/en\/product\/cuajada-fresca-mi-ranchito-3\/","title":{"rendered":"Cuajada fresca mi ranchito"},"content":{"rendered":"","protected":false},"excerpt":{"rendered":"<p><strong>Item\u00a0C\u00f3digo\u00a0<\/strong><\/p>\n<p>33-5<\/p>\n<p><strong>UPC C\u00f3digo\u00a0<\/strong><\/p>\n<p>76908700270<\/p>\n<p><strong>Cantidad \u00a0<\/strong><\/p>\n<p><span data-sheets-value=\"{&quot;1&quot;:2,&quot;2&quot;:&quot;Cajax12 Und&quot;}\" data-sheets-userformat=\"{&quot;2&quot;:14915,&quot;3&quot;:{&quot;1&quot;:0},&quot;4&quot;:{&quot;1&quot;:2,&quot;2&quot;:16777215},&quot;9&quot;:1,&quot;12&quot;:0,&quot;14&quot;:{&quot;1&quot;:2,&quot;2&quot;:0},&quot;15&quot;:&quot;Nunito&quot;,&quot;16&quot;:12}\">1 unidad de 5 libras<\/span><\/p>\n<p><strong>Descripci\u00f3n<\/strong><\/p>\n<p><strong data-start=\"0\" data-end=\"30\" data-is-only-node=\"\">Cuajada fresca Mi Ranchito<\/strong>, elaborada con textura suave y sabor l\u00e1cteo delicado, ideal para disfrutar en desayunos tradicionales junto a frijoles, pl\u00e1tano maduro y tortillas reci\u00e9n hechas. Puede servirse en trozos, desmenuzarse sobre arroz caliente o utilizarse como relleno en empanadas y antojitos caseros, aportando frescura y suavidad en cada preparaci\u00f3n.<\/p>","protected":false},"featured_media":9773,"comment_status":"open","ping_status":"closed","template":"","meta":{"_joinchat":[]},"product_brand":[],"product_cat":[86,80],"product_tag":[],"class_list":{"0":"post-4071","1":"product","2":"type-product","3":"status-publish","4":"has-post-thumbnail","6":"product_cat-bulk-quesos-frescos","7":"product_cat-productos-para-dely-y-restaurantes","9":"first","10":"instock","11":"shipping-taxable","12":"product-type-simple"},"_links":{"self":[{"href":"https:\/\/quesoslaricura.com\/en\/wp-json\/wp\/v2\/product\/4071","targetHints":{"allow":["GET"]}}],"collection":[{"href":"https:\/\/quesoslaricura.com\/en\/wp-json\/wp\/v2\/product"}],"about":[{"href":"https:\/\/quesoslaricura.com\/en\/wp-json\/wp\/v2\/types\/product"}],"replies":[{"embeddable":true,"href":"https:\/\/quesoslaricura.com\/en\/wp-json\/wp\/v2\/comments?post=4071"}],"version-history":[{"count":2,"href":"https:\/\/quesoslaricura.com\/en\/wp-json\/wp\/v2\/product\/4071\/revisions"}],"predecessor-version":[{"id":11648,"href":"https:\/\/quesoslaricura.com\/en\/wp-json\/wp\/v2\/product\/4071\/revisions\/11648"}],"wp:featuredmedia":[{"embeddable":true,"href":"https:\/\/quesoslaricura.com\/en\/wp-json\/wp\/v2\/media\/9773"}],"wp:attachment":[{"href":"https:\/\/quesoslaricura.com\/en\/wp-json\/wp\/v2\/media?parent=4071"}],"wp:term":[{"taxonomy":"product_brand","embeddable":true,"href":"https:\/\/quesoslaricura.com\/en\/wp-json\/wp\/v2\/product_brand?post=4071"},{"taxonomy":"product_cat","embeddable":true,"href":"https:\/\/quesoslaricura.com\/en\/wp-json\/wp\/v2\/product_cat?post=4071"},{"taxonomy":"product_tag","embeddable":true,"href":"https:\/\/quesoslaricura.com\/en\/wp-json\/wp\/v2\/product_tag?post=4071"}],"curies":[{"name":"wp","href":"https:\/\/api.w.org\/{rel}","templated":true}]}}