{"id":4072,"date":"2021-12-04T20:57:40","date_gmt":"2021-12-05T01:57:40","guid":{"rendered":"https:\/\/quesoslaricura.com\/?post_type=product&#038;p=4072"},"modified":"2026-03-02T15:28:22","modified_gmt":"2026-03-02T20:28:22","slug":"mi-ranchito-cuajada-fresca-con-chile-rojo-3","status":"publish","type":"product","link":"https:\/\/quesoslaricura.com\/en\/product\/mi-ranchito-cuajada-fresca-con-chile-rojo-3\/","title":{"rendered":"Mi ranchito cuajada fresca con chile rojo"},"content":{"rendered":"","protected":false},"excerpt":{"rendered":"<p><strong>Item\u00a0C\u00f3digo\u00a0<\/strong><\/p>\n<p>35-5<\/p>\n<p><strong>UPC C\u00f3digo\u00a0<\/strong><\/p>\n<p>76908700269<\/p>\n<p><strong>Cantidad \u00a0<\/strong><\/p>\n<p><span data-sheets-value=\"{&quot;1&quot;:2,&quot;2&quot;:&quot;Cajax12 Und&quot;}\" data-sheets-userformat=\"{&quot;2&quot;:14915,&quot;3&quot;:{&quot;1&quot;:0},&quot;4&quot;:{&quot;1&quot;:2,&quot;2&quot;:16777215},&quot;9&quot;:1,&quot;12&quot;:0,&quot;14&quot;:{&quot;1&quot;:2,&quot;2&quot;:0},&quot;15&quot;:&quot;Nunito&quot;,&quot;16&quot;:12}\">1 unidad de 5 libras<\/span><\/p>\n<p><strong>Descripci\u00f3n<\/strong><\/p>\n<p><strong data-start=\"0\" data-end=\"45\" data-is-only-node=\"\">Mi Ranchito cuajada fresca con chile rojo<\/strong>, combinaci\u00f3n de textura suave con un toque picante que realza su perfil tradicional. Ideal para servir en el desayuno junto a frijoles y tortillas calientes, acompa\u00f1ar yuca cocida o desmenuzar sobre arroz reci\u00e9n hecho. El chile rojo aporta car\u00e1cter sin opacar la frescura propia de la cuajada.<\/p>","protected":false},"featured_media":9772,"comment_status":"open","ping_status":"closed","template":"","meta":{"_joinchat":[]},"product_brand":[],"product_cat":[86,80],"product_tag":[],"class_list":{"0":"post-4072","1":"product","2":"type-product","3":"status-publish","4":"has-post-thumbnail","6":"product_cat-bulk-quesos-frescos","7":"product_cat-productos-para-dely-y-restaurantes","9":"first","10":"instock","11":"shipping-taxable","12":"product-type-simple"},"_links":{"self":[{"href":"https:\/\/quesoslaricura.com\/en\/wp-json\/wp\/v2\/product\/4072","targetHints":{"allow":["GET"]}}],"collection":[{"href":"https:\/\/quesoslaricura.com\/en\/wp-json\/wp\/v2\/product"}],"about":[{"href":"https:\/\/quesoslaricura.com\/en\/wp-json\/wp\/v2\/types\/product"}],"replies":[{"embeddable":true,"href":"https:\/\/quesoslaricura.com\/en\/wp-json\/wp\/v2\/comments?post=4072"}],"version-history":[{"count":2,"href":"https:\/\/quesoslaricura.com\/en\/wp-json\/wp\/v2\/product\/4072\/revisions"}],"predecessor-version":[{"id":11650,"href":"https:\/\/quesoslaricura.com\/en\/wp-json\/wp\/v2\/product\/4072\/revisions\/11650"}],"wp:featuredmedia":[{"embeddable":true,"href":"https:\/\/quesoslaricura.com\/en\/wp-json\/wp\/v2\/media\/9772"}],"wp:attachment":[{"href":"https:\/\/quesoslaricura.com\/en\/wp-json\/wp\/v2\/media?parent=4072"}],"wp:term":[{"taxonomy":"product_brand","embeddable":true,"href":"https:\/\/quesoslaricura.com\/en\/wp-json\/wp\/v2\/product_brand?post=4072"},{"taxonomy":"product_cat","embeddable":true,"href":"https:\/\/quesoslaricura.com\/en\/wp-json\/wp\/v2\/product_cat?post=4072"},{"taxonomy":"product_tag","embeddable":true,"href":"https:\/\/quesoslaricura.com\/en\/wp-json\/wp\/v2\/product_tag?post=4072"}],"curies":[{"name":"wp","href":"https:\/\/api.w.org\/{rel}","templated":true}]}}