{"id":4073,"date":"2021-12-04T21:05:03","date_gmt":"2021-12-05T02:05:03","guid":{"rendered":"https:\/\/quesoslaricura.com\/?post_type=product&#038;p=4073"},"modified":"2026-03-16T16:51:23","modified_gmt":"2026-03-16T21:51:23","slug":"jocote-de-corona","status":"publish","type":"product","link":"https:\/\/quesoslaricura.com\/en\/product\/jocote-de-corona\/","title":{"rendered":"Jocote de corona"},"content":{"rendered":"","protected":false},"excerpt":{"rendered":"<p><strong>Item\u00a0C\u00f3digo\u00a0<\/strong><\/p>\n<p>635-C1<\/p>\n<p><strong>UPC C\u00f3digo\u00a0<\/strong><\/p>\n<p>76908700635<\/p>\n<p><strong>Cantidad \u00a0<\/strong><\/p>\n<p><span data-sheets-value=\"{&quot;1&quot;:2,&quot;2&quot;:&quot;Cajax12 Und&quot;}\" data-sheets-userformat=\"{&quot;2&quot;:14915,&quot;3&quot;:{&quot;1&quot;:0},&quot;4&quot;:{&quot;1&quot;:2,&quot;2&quot;:16777215},&quot;9&quot;:1,&quot;12&quot;:0,&quot;14&quot;:{&quot;1&quot;:2,&quot;2&quot;:0},&quot;15&quot;:&quot;Nunito&quot;,&quot;16&quot;:12}\">Caja por 12 unidades de 14 onzas<\/span><\/p>\n<p><strong>Descripci\u00f3n<\/strong><\/p>\n<div class=\"xdj266r x14z9mp xat24cr x1lziwak x1vvkbs x126k92a\">\n<div dir=\"auto\">El Jocote corona (Spondias purpurea L.) es una de las frutas m\u00e1s populares en Guatemala, su cultivo abarca la mayor\u00eda del pa\u00eds, siendo los principales departamentos Guatemala, Sacatep\u00e9quez, Quich\u00e9 y Solol\u00e1.<\/div>\n<\/div>\n<div class=\"x14z9mp xat24cr x1lziwak x1vvkbs xtlvy1s x126k92a\">\n<div dir=\"auto\">Es una planta nativa de Guatemala, aunque se ha expandido su cultivo a M\u00e9xico y el Caribe. Su cultivo est\u00e1 asociado con el ma\u00edz, frijol y caf\u00e9. Aunque el cultivo del \u00e1rbol es principalmente como sombra para ganado, su rentabilidad es atractiva para los agricultores.<\/div>\n<\/div>\n<div class=\"x14z9mp xat24cr x1lziwak x1vvkbs xtlvy1s x126k92a\">\n<div dir=\"auto\">Su consumo es crudo como fruto de mesa, aunque su preparaci\u00f3n m\u00e1s popular es en dulce durante el mes de octubre y noviembre. Adem\u00e1s del fruto, las hojas tambi\u00e9n se consumen en refresco que, por su alto contenido en hierro se utiliza para evitar estados an\u00e9micos.<\/div>\n<\/div>","protected":false},"featured_media":12040,"comment_status":"open","ping_status":"closed","template":"","meta":{"_joinchat":[]},"product_brand":[],"product_cat":[53],"product_tag":[],"class_list":{"0":"post-4073","1":"product","2":"type-product","3":"status-publish","4":"has-post-thumbnail","6":"product_cat-frutas","8":"first","9":"instock","10":"shipping-taxable","11":"product-type-simple"},"_links":{"self":[{"href":"https:\/\/quesoslaricura.com\/en\/wp-json\/wp\/v2\/product\/4073","targetHints":{"allow":["GET"]}}],"collection":[{"href":"https:\/\/quesoslaricura.com\/en\/wp-json\/wp\/v2\/product"}],"about":[{"href":"https:\/\/quesoslaricura.com\/en\/wp-json\/wp\/v2\/types\/product"}],"replies":[{"embeddable":true,"href":"https:\/\/quesoslaricura.com\/en\/wp-json\/wp\/v2\/comments?post=4073"}],"version-history":[{"count":3,"href":"https:\/\/quesoslaricura.com\/en\/wp-json\/wp\/v2\/product\/4073\/revisions"}],"predecessor-version":[{"id":11857,"href":"https:\/\/quesoslaricura.com\/en\/wp-json\/wp\/v2\/product\/4073\/revisions\/11857"}],"wp:featuredmedia":[{"embeddable":true,"href":"https:\/\/quesoslaricura.com\/en\/wp-json\/wp\/v2\/media\/12040"}],"wp:attachment":[{"href":"https:\/\/quesoslaricura.com\/en\/wp-json\/wp\/v2\/media?parent=4073"}],"wp:term":[{"taxonomy":"product_brand","embeddable":true,"href":"https:\/\/quesoslaricura.com\/en\/wp-json\/wp\/v2\/product_brand?post=4073"},{"taxonomy":"product_cat","embeddable":true,"href":"https:\/\/quesoslaricura.com\/en\/wp-json\/wp\/v2\/product_cat?post=4073"},{"taxonomy":"product_tag","embeddable":true,"href":"https:\/\/quesoslaricura.com\/en\/wp-json\/wp\/v2\/product_tag?post=4073"}],"curies":[{"name":"wp","href":"https:\/\/api.w.org\/{rel}","templated":true}]}}