{"id":4193,"date":"2021-12-28T15:28:28","date_gmt":"2021-12-28T20:28:28","guid":{"rendered":"https:\/\/quesoslaricura.com\/?post_type=product&#038;p=4193"},"modified":"2026-03-03T15:51:40","modified_gmt":"2026-03-03T20:51:40","slug":"chorizos-de-cerdo-salvadorenos-4","status":"publish","type":"product","link":"https:\/\/quesoslaricura.com\/en\/product\/chorizos-de-cerdo-salvadorenos-4\/","title":{"rendered":"Chorizos de cerdo salvadore\u00f1os"},"content":{"rendered":"","protected":false},"excerpt":{"rendered":"<p><strong>Item\u00a0C\u00f3digo\u00a0<\/strong><\/p>\n<p>129-C12<\/p>\n<p><strong>UPC C\u00f3digo\u00a0<\/strong><\/p>\n<p>76908700129<\/p>\n<p><strong>Cantidad \u00a0<\/strong><\/p>\n<p><strong data-start=\"0\" data-end=\"34\" data-is-only-node=\"\">Chorizos de cerdo salvadore\u00f1os<\/strong>, elaborados con mezcla tradicional de especias y condimentos que aportan sabor intenso y aroma caracter\u00edstico. Ideales para asar, fre\u00edr o incorporar en desayunos t\u00edpicos junto a huevos, frijoles y tortillas. Tambi\u00e9n pueden utilizarse en pupusas revueltas o como complemento en parrilladas y platos caseros con perfil centroamericano.<\/p>","protected":false},"featured_media":6584,"comment_status":"open","ping_status":"closed","template":"","meta":{"_joinchat":[]},"product_brand":[],"product_cat":[84,80],"product_tag":[],"class_list":{"0":"post-4193","1":"product","2":"type-product","3":"status-publish","4":"has-post-thumbnail","6":"product_cat-bulk-chorizos","7":"product_cat-productos-para-dely-y-restaurantes","9":"first","10":"instock","11":"shipping-taxable","12":"product-type-simple"},"_links":{"self":[{"href":"https:\/\/quesoslaricura.com\/en\/wp-json\/wp\/v2\/product\/4193","targetHints":{"allow":["GET"]}}],"collection":[{"href":"https:\/\/quesoslaricura.com\/en\/wp-json\/wp\/v2\/product"}],"about":[{"href":"https:\/\/quesoslaricura.com\/en\/wp-json\/wp\/v2\/types\/product"}],"replies":[{"embeddable":true,"href":"https:\/\/quesoslaricura.com\/en\/wp-json\/wp\/v2\/comments?post=4193"}],"version-history":[{"count":1,"href":"https:\/\/quesoslaricura.com\/en\/wp-json\/wp\/v2\/product\/4193\/revisions"}],"predecessor-version":[{"id":11682,"href":"https:\/\/quesoslaricura.com\/en\/wp-json\/wp\/v2\/product\/4193\/revisions\/11682"}],"wp:featuredmedia":[{"embeddable":true,"href":"https:\/\/quesoslaricura.com\/en\/wp-json\/wp\/v2\/media\/6584"}],"wp:attachment":[{"href":"https:\/\/quesoslaricura.com\/en\/wp-json\/wp\/v2\/media?parent=4193"}],"wp:term":[{"taxonomy":"product_brand","embeddable":true,"href":"https:\/\/quesoslaricura.com\/en\/wp-json\/wp\/v2\/product_brand?post=4193"},{"taxonomy":"product_cat","embeddable":true,"href":"https:\/\/quesoslaricura.com\/en\/wp-json\/wp\/v2\/product_cat?post=4193"},{"taxonomy":"product_tag","embeddable":true,"href":"https:\/\/quesoslaricura.com\/en\/wp-json\/wp\/v2\/product_tag?post=4193"}],"curies":[{"name":"wp","href":"https:\/\/api.w.org\/{rel}","templated":true}]}}