{"id":4197,"date":"2021-12-28T15:40:29","date_gmt":"2021-12-28T20:40:29","guid":{"rendered":"https:\/\/quesoslaricura.com\/?post_type=product&#038;p=4197"},"modified":"2026-03-26T12:21:11","modified_gmt":"2026-03-26T17:21:11","slug":"tamales-de-elote-2","status":"publish","type":"product","link":"https:\/\/quesoslaricura.com\/en\/product\/tamales-de-elote-2\/","title":{"rendered":"Tamales de elote"},"content":{"rendered":"","protected":false},"excerpt":{"rendered":"<p><strong>Item\u00a0C\u00f3digo\u00a0<\/strong><\/p>\n<p>631-25<\/p>\n<p><strong>Cantidad \u00a0<\/strong><\/p>\n<p>25 unidades de 5 onzas<\/p>\n<p><strong>Descripci\u00f3n<\/strong><\/p>\n<p>Deliciosos tamales elaborados a base de ma\u00edz tierno (elote), con una textura suave y un sabor naturalmente dulce. Tradicionales en la gastronom\u00eda centroamericana, son ideales para disfrutar como desayuno, merienda o acompa\u00f1amiento, solos o con crema y queso para un toque a\u00fan m\u00e1s aut\u00e9ntico.<\/p>","protected":false},"featured_media":4198,"comment_status":"open","ping_status":"closed","template":"","meta":{"_joinchat":[]},"product_brand":[],"product_cat":[85],"product_tag":[],"class_list":{"0":"post-4197","1":"product","2":"type-product","3":"status-publish","4":"has-post-thumbnail","6":"product_cat-bulk-tamales","8":"first","9":"instock","10":"shipping-taxable","11":"product-type-simple"},"_links":{"self":[{"href":"https:\/\/quesoslaricura.com\/en\/wp-json\/wp\/v2\/product\/4197","targetHints":{"allow":["GET"]}}],"collection":[{"href":"https:\/\/quesoslaricura.com\/en\/wp-json\/wp\/v2\/product"}],"about":[{"href":"https:\/\/quesoslaricura.com\/en\/wp-json\/wp\/v2\/types\/product"}],"replies":[{"embeddable":true,"href":"https:\/\/quesoslaricura.com\/en\/wp-json\/wp\/v2\/comments?post=4197"}],"version-history":[{"count":4,"href":"https:\/\/quesoslaricura.com\/en\/wp-json\/wp\/v2\/product\/4197\/revisions"}],"predecessor-version":[{"id":12334,"href":"https:\/\/quesoslaricura.com\/en\/wp-json\/wp\/v2\/product\/4197\/revisions\/12334"}],"wp:featuredmedia":[{"embeddable":true,"href":"https:\/\/quesoslaricura.com\/en\/wp-json\/wp\/v2\/media\/4198"}],"wp:attachment":[{"href":"https:\/\/quesoslaricura.com\/en\/wp-json\/wp\/v2\/media?parent=4197"}],"wp:term":[{"taxonomy":"product_brand","embeddable":true,"href":"https:\/\/quesoslaricura.com\/en\/wp-json\/wp\/v2\/product_brand?post=4197"},{"taxonomy":"product_cat","embeddable":true,"href":"https:\/\/quesoslaricura.com\/en\/wp-json\/wp\/v2\/product_cat?post=4197"},{"taxonomy":"product_tag","embeddable":true,"href":"https:\/\/quesoslaricura.com\/en\/wp-json\/wp\/v2\/product_tag?post=4197"}],"curies":[{"name":"wp","href":"https:\/\/api.w.org\/{rel}","templated":true}]}}