{"id":4219,"date":"2022-01-03T12:09:08","date_gmt":"2022-01-03T17:09:08","guid":{"rendered":"https:\/\/quesoslaricura.com\/?post_type=product&#038;p=4219"},"modified":"2026-02-12T10:06:29","modified_gmt":"2026-02-12T15:06:29","slug":"queso-fresco-ecuatoriano","status":"publish","type":"product","link":"https:\/\/quesoslaricura.com\/en\/product\/queso-fresco-ecuatoriano\/","title":{"rendered":"Queso fresco Ecuatoriano"},"content":{"rendered":"","protected":false},"excerpt":{"rendered":"<p><strong>Item\u00a0C\u00f3digo\u00a0<\/strong><\/p>\n<p>564-1<\/p>\n<p><strong>UPC C\u00f3digo\u00a0<\/strong><\/p>\n<p>76908700564<\/p>\n<p><strong>Cantidad \u00a0<\/strong><\/p>\n<p><span data-sheets-value=\"{&quot;1&quot;:2,&quot;2&quot;:&quot;Cajax12 Und&quot;}\" data-sheets-userformat=\"{&quot;2&quot;:14915,&quot;3&quot;:{&quot;1&quot;:0},&quot;4&quot;:{&quot;1&quot;:2,&quot;2&quot;:16777215},&quot;9&quot;:1,&quot;12&quot;:0,&quot;14&quot;:{&quot;1&quot;:2,&quot;2&quot;:0},&quot;15&quot;:&quot;Nunito&quot;,&quot;16&quot;:12}\">Caja por 15 unidades de12 onzas<\/span><\/p>\n<p><strong>Descripci\u00f3n<\/strong><\/p>\n<p>El Queso Fresco Ecuatoriano se distingue por su textura tierna y ligeramente h\u00fameda, sabor suave con un balance perfecto de sal y frescura l\u00e1ctea. Es el acompa\u00f1ante ideal de tortillas, humitas, llapingachos o un desayuno tradicional con caf\u00e9 caliente.<\/p>","protected":false},"featured_media":6464,"comment_status":"open","ping_status":"closed","template":"","meta":{"_joinchat":[]},"product_brand":[],"product_cat":[38],"product_tag":[],"class_list":{"0":"post-4219","1":"product","2":"type-product","3":"status-publish","4":"has-post-thumbnail","6":"product_cat-quesosfrescos","8":"first","9":"instock","10":"shipping-taxable","11":"product-type-simple"},"_links":{"self":[{"href":"https:\/\/quesoslaricura.com\/en\/wp-json\/wp\/v2\/product\/4219","targetHints":{"allow":["GET"]}}],"collection":[{"href":"https:\/\/quesoslaricura.com\/en\/wp-json\/wp\/v2\/product"}],"about":[{"href":"https:\/\/quesoslaricura.com\/en\/wp-json\/wp\/v2\/types\/product"}],"replies":[{"embeddable":true,"href":"https:\/\/quesoslaricura.com\/en\/wp-json\/wp\/v2\/comments?post=4219"}],"version-history":[{"count":1,"href":"https:\/\/quesoslaricura.com\/en\/wp-json\/wp\/v2\/product\/4219\/revisions"}],"predecessor-version":[{"id":11303,"href":"https:\/\/quesoslaricura.com\/en\/wp-json\/wp\/v2\/product\/4219\/revisions\/11303"}],"wp:featuredmedia":[{"embeddable":true,"href":"https:\/\/quesoslaricura.com\/en\/wp-json\/wp\/v2\/media\/6464"}],"wp:attachment":[{"href":"https:\/\/quesoslaricura.com\/en\/wp-json\/wp\/v2\/media?parent=4219"}],"wp:term":[{"taxonomy":"product_brand","embeddable":true,"href":"https:\/\/quesoslaricura.com\/en\/wp-json\/wp\/v2\/product_brand?post=4219"},{"taxonomy":"product_cat","embeddable":true,"href":"https:\/\/quesoslaricura.com\/en\/wp-json\/wp\/v2\/product_cat?post=4219"},{"taxonomy":"product_tag","embeddable":true,"href":"https:\/\/quesoslaricura.com\/en\/wp-json\/wp\/v2\/product_tag?post=4219"}],"curies":[{"name":"wp","href":"https:\/\/api.w.org\/{rel}","templated":true}]}}