{"id":5688,"date":"2023-01-10T10:28:28","date_gmt":"2023-01-10T15:28:28","guid":{"rendered":"https:\/\/quesoslaricura.com\/?post_type=product&#038;p=5688"},"modified":"2026-03-06T15:47:44","modified_gmt":"2026-03-06T20:47:44","slug":"cuatro-leches-2","status":"publish","type":"product","link":"https:\/\/quesoslaricura.com\/en\/product\/cuatro-leches-2\/","title":{"rendered":"Cuatro leches"},"content":{"rendered":"","protected":false},"excerpt":{"rendered":"<p><strong>Item\u00a0C\u00f3digo\u00a0<\/strong><\/p>\n<p>431-C1<\/p>\n<p><strong>UPC C\u00f3digo\u00a0<\/strong><\/p>\n<p>76908700431<\/p>\n<p><strong>Cantidad \u00a0<\/strong><\/p>\n<p>Caja por 6 unidades de 8 onzas<\/p>\n<p><strong>Descripci\u00f3n<\/strong><\/p>\n<p><strong data-start=\"0\" data-end=\"17\" data-is-only-node=\"\">Cuatro leches<\/strong>, delicioso postre inspirado en el tradicional pastel de tres leches, elaborado con una mezcla especial de leches que le aportan una textura extra suave, h\u00fameda y un sabor dulce muy equilibrado. Es ideal para disfrutar como postre despu\u00e9s de las comidas o para compartir en celebraciones y reuniones familiares. Puede servirse fr\u00edo y acompa\u00f1arse con una taza de caf\u00e9, resaltando su cremosidad y su estilo cl\u00e1sico de la reposter\u00eda latinoamericana.<\/p>","protected":false},"featured_media":6663,"comment_status":"open","ping_status":"closed","template":"","meta":{"_joinchat":[]},"product_brand":[],"product_cat":[49],"product_tag":[],"class_list":{"0":"post-5688","1":"product","2":"type-product","3":"status-publish","4":"has-post-thumbnail","6":"product_cat-postres","8":"first","9":"instock","10":"shipping-taxable","11":"product-type-simple"},"_links":{"self":[{"href":"https:\/\/quesoslaricura.com\/en\/wp-json\/wp\/v2\/product\/5688","targetHints":{"allow":["GET"]}}],"collection":[{"href":"https:\/\/quesoslaricura.com\/en\/wp-json\/wp\/v2\/product"}],"about":[{"href":"https:\/\/quesoslaricura.com\/en\/wp-json\/wp\/v2\/types\/product"}],"replies":[{"embeddable":true,"href":"https:\/\/quesoslaricura.com\/en\/wp-json\/wp\/v2\/comments?post=5688"}],"version-history":[{"count":1,"href":"https:\/\/quesoslaricura.com\/en\/wp-json\/wp\/v2\/product\/5688\/revisions"}],"predecessor-version":[{"id":11825,"href":"https:\/\/quesoslaricura.com\/en\/wp-json\/wp\/v2\/product\/5688\/revisions\/11825"}],"wp:featuredmedia":[{"embeddable":true,"href":"https:\/\/quesoslaricura.com\/en\/wp-json\/wp\/v2\/media\/6663"}],"wp:attachment":[{"href":"https:\/\/quesoslaricura.com\/en\/wp-json\/wp\/v2\/media?parent=5688"}],"wp:term":[{"taxonomy":"product_brand","embeddable":true,"href":"https:\/\/quesoslaricura.com\/en\/wp-json\/wp\/v2\/product_brand?post=5688"},{"taxonomy":"product_cat","embeddable":true,"href":"https:\/\/quesoslaricura.com\/en\/wp-json\/wp\/v2\/product_cat?post=5688"},{"taxonomy":"product_tag","embeddable":true,"href":"https:\/\/quesoslaricura.com\/en\/wp-json\/wp\/v2\/product_tag?post=5688"}],"curies":[{"name":"wp","href":"https:\/\/api.w.org\/{rel}","templated":true}]}}