{"id":5690,"date":"2023-01-10T10:51:43","date_gmt":"2023-01-10T15:51:43","guid":{"rendered":"https:\/\/quesoslaricura.com\/?post_type=product&#038;p=5690"},"modified":"2026-03-06T16:22:17","modified_gmt":"2026-03-06T21:22:17","slug":"tres-leches","status":"publish","type":"product","link":"https:\/\/quesoslaricura.com\/en\/product\/tres-leches\/","title":{"rendered":"Tres leches"},"content":{"rendered":"","protected":false},"excerpt":{"rendered":"<p><strong>Item\u00a0C\u00f3digo\u00a0<\/strong><\/p>\n<p>430-C1<\/p>\n<p><strong>UPC C\u00f3digo\u00a0<\/strong><\/p>\n<p>76908700430<\/p>\n<p><strong>Cantidad \u00a0<\/strong><\/p>\n<p>Caja por 6 unidades de 8 onzas<\/p>\n<p><strong>Descripci\u00f3n<\/strong><\/p>\n<p><strong data-start=\"0\" data-end=\"15\" data-is-only-node=\"\">Tres leches<\/strong>, cl\u00e1sico postre latinoamericano elaborado con un suave bizcocho ba\u00f1ado en una mezcla de tres leches que le aporta una textura h\u00fameda, cremosa y un sabor dulce muy equilibrado. Es ideal para disfrutar como postre despu\u00e9s de las comidas o para compartir en celebraciones y reuniones familiares. Puede servirse fr\u00edo y acompa\u00f1arse con una taza de caf\u00e9, resaltando su suavidad y su tradicional sabor casero.<\/p>","protected":false},"featured_media":5691,"comment_status":"open","ping_status":"closed","template":"","meta":{"_joinchat":[]},"product_brand":[],"product_cat":[98,49],"product_tag":[],"class_list":{"0":"post-5690","1":"product","2":"type-product","3":"status-publish","4":"has-post-thumbnail","6":"product_cat-tres-leches","7":"product_cat-postres","9":"first","10":"instock","11":"shipping-taxable","12":"product-type-simple"},"_links":{"self":[{"href":"https:\/\/quesoslaricura.com\/en\/wp-json\/wp\/v2\/product\/5690","targetHints":{"allow":["GET"]}}],"collection":[{"href":"https:\/\/quesoslaricura.com\/en\/wp-json\/wp\/v2\/product"}],"about":[{"href":"https:\/\/quesoslaricura.com\/en\/wp-json\/wp\/v2\/types\/product"}],"replies":[{"embeddable":true,"href":"https:\/\/quesoslaricura.com\/en\/wp-json\/wp\/v2\/comments?post=5690"}],"version-history":[{"count":1,"href":"https:\/\/quesoslaricura.com\/en\/wp-json\/wp\/v2\/product\/5690\/revisions"}],"predecessor-version":[{"id":11827,"href":"https:\/\/quesoslaricura.com\/en\/wp-json\/wp\/v2\/product\/5690\/revisions\/11827"}],"wp:featuredmedia":[{"embeddable":true,"href":"https:\/\/quesoslaricura.com\/en\/wp-json\/wp\/v2\/media\/5691"}],"wp:attachment":[{"href":"https:\/\/quesoslaricura.com\/en\/wp-json\/wp\/v2\/media?parent=5690"}],"wp:term":[{"taxonomy":"product_brand","embeddable":true,"href":"https:\/\/quesoslaricura.com\/en\/wp-json\/wp\/v2\/product_brand?post=5690"},{"taxonomy":"product_cat","embeddable":true,"href":"https:\/\/quesoslaricura.com\/en\/wp-json\/wp\/v2\/product_cat?post=5690"},{"taxonomy":"product_tag","embeddable":true,"href":"https:\/\/quesoslaricura.com\/en\/wp-json\/wp\/v2\/product_tag?post=5690"}],"curies":[{"name":"wp","href":"https:\/\/api.w.org\/{rel}","templated":true}]}}