{"id":5692,"date":"2023-01-10T11:05:03","date_gmt":"2023-01-10T16:05:03","guid":{"rendered":"https:\/\/quesoslaricura.com\/?post_type=product&#038;p=5692"},"modified":"2026-03-06T15:44:16","modified_gmt":"2026-03-06T20:44:16","slug":"cuatro-leches","status":"publish","type":"product","link":"https:\/\/quesoslaricura.com\/en\/product\/cuatro-leches\/","title":{"rendered":"Cuatro leches"},"content":{"rendered":"","protected":false},"excerpt":{"rendered":"<p><strong>Item\u00a0C\u00f3digo\u00a0<\/strong><\/p>\n<p>429-C1<\/p>\n<p><strong>UPC C\u00f3digo\u00a0<\/strong><\/p>\n<p>76908700429<\/p>\n<p><strong>Cantidad \u00a0<\/strong><\/p>\n<p>Caja por 6 unidades de 16 onzas<\/p>\n<p><strong>Descripci\u00f3n<\/strong><\/p>\n<p><strong data-start=\"0\" data-end=\"17\" data-is-only-node=\"\">Cuatro leches<\/strong>, delicioso postre inspirado en el tradicional pastel de tres leches, elaborado con una mezcla especial de leches que le aportan una textura extra suave, h\u00fameda y un sabor dulce muy equilibrado. Es ideal para disfrutar como postre despu\u00e9s de las comidas o para compartir en celebraciones y reuniones familiares. Puede servirse fr\u00edo y acompa\u00f1arse con una taza de caf\u00e9, resaltando su cremosidad y su estilo cl\u00e1sico de la reposter\u00eda latinoamericana.<\/p>","protected":false},"featured_media":6877,"comment_status":"open","ping_status":"closed","template":"","meta":{"_joinchat":[]},"product_brand":[],"product_cat":[49],"product_tag":[],"class_list":{"0":"post-5692","1":"product","2":"type-product","3":"status-publish","4":"has-post-thumbnail","6":"product_cat-postres","8":"first","9":"instock","10":"shipping-taxable","11":"product-type-simple"},"_links":{"self":[{"href":"https:\/\/quesoslaricura.com\/en\/wp-json\/wp\/v2\/product\/5692","targetHints":{"allow":["GET"]}}],"collection":[{"href":"https:\/\/quesoslaricura.com\/en\/wp-json\/wp\/v2\/product"}],"about":[{"href":"https:\/\/quesoslaricura.com\/en\/wp-json\/wp\/v2\/types\/product"}],"replies":[{"embeddable":true,"href":"https:\/\/quesoslaricura.com\/en\/wp-json\/wp\/v2\/comments?post=5692"}],"version-history":[{"count":1,"href":"https:\/\/quesoslaricura.com\/en\/wp-json\/wp\/v2\/product\/5692\/revisions"}],"predecessor-version":[{"id":11824,"href":"https:\/\/quesoslaricura.com\/en\/wp-json\/wp\/v2\/product\/5692\/revisions\/11824"}],"wp:featuredmedia":[{"embeddable":true,"href":"https:\/\/quesoslaricura.com\/en\/wp-json\/wp\/v2\/media\/6877"}],"wp:attachment":[{"href":"https:\/\/quesoslaricura.com\/en\/wp-json\/wp\/v2\/media?parent=5692"}],"wp:term":[{"taxonomy":"product_brand","embeddable":true,"href":"https:\/\/quesoslaricura.com\/en\/wp-json\/wp\/v2\/product_brand?post=5692"},{"taxonomy":"product_cat","embeddable":true,"href":"https:\/\/quesoslaricura.com\/en\/wp-json\/wp\/v2\/product_cat?post=5692"},{"taxonomy":"product_tag","embeddable":true,"href":"https:\/\/quesoslaricura.com\/en\/wp-json\/wp\/v2\/product_tag?post=5692"}],"curies":[{"name":"wp","href":"https:\/\/api.w.org\/{rel}","templated":true}]}}