{"id":5697,"date":"2023-01-10T11:09:23","date_gmt":"2023-01-10T16:09:23","guid":{"rendered":"https:\/\/quesoslaricura.com\/?post_type=product&#038;p=5697"},"modified":"2026-03-06T15:42:10","modified_gmt":"2026-03-06T20:42:10","slug":"flan-de-vainilla","status":"publish","type":"product","link":"https:\/\/quesoslaricura.com\/en\/product\/flan-de-vainilla\/","title":{"rendered":"Flan de vainilla"},"content":{"rendered":"","protected":false},"excerpt":{"rendered":"<p><strong>Item\u00a0C\u00f3digo\u00a0<\/strong><\/p>\n<p>425-C1<\/p>\n<p><strong>UPC C\u00f3digo<\/strong><\/p>\n<p>76908700425<\/p>\n<p><strong>Cantidad \u00a0<\/strong><\/p>\n<p>Caja por 6 unidades de 25 onzas<\/p>\n<p><strong>Descripci\u00f3n<\/strong><\/p>\n<p><strong data-start=\"0\" data-end=\"20\" data-is-only-node=\"\">Flan de vainilla<\/strong>, postre cl\u00e1sico de textura suave y cremosa con el delicado aroma de la vainilla. Su sabor dulce y equilibrado lo convierte en una opci\u00f3n ideal para disfrutar despu\u00e9s de las comidas o como un antojo especial durante el d\u00eda. Puede servirse fr\u00edo y acompa\u00f1arse con una taza de caf\u00e9 o chocolate caliente, resaltando los sabores tradicionales de la reposter\u00eda latinoamericana.<\/p>","protected":false},"featured_media":7280,"comment_status":"open","ping_status":"closed","template":"","meta":{"_joinchat":[]},"product_brand":[],"product_cat":[49],"product_tag":[],"class_list":{"0":"post-5697","1":"product","2":"type-product","3":"status-publish","4":"has-post-thumbnail","6":"product_cat-postres","8":"first","9":"instock","10":"shipping-taxable","11":"product-type-simple"},"_links":{"self":[{"href":"https:\/\/quesoslaricura.com\/en\/wp-json\/wp\/v2\/product\/5697","targetHints":{"allow":["GET"]}}],"collection":[{"href":"https:\/\/quesoslaricura.com\/en\/wp-json\/wp\/v2\/product"}],"about":[{"href":"https:\/\/quesoslaricura.com\/en\/wp-json\/wp\/v2\/types\/product"}],"replies":[{"embeddable":true,"href":"https:\/\/quesoslaricura.com\/en\/wp-json\/wp\/v2\/comments?post=5697"}],"version-history":[{"count":1,"href":"https:\/\/quesoslaricura.com\/en\/wp-json\/wp\/v2\/product\/5697\/revisions"}],"predecessor-version":[{"id":11823,"href":"https:\/\/quesoslaricura.com\/en\/wp-json\/wp\/v2\/product\/5697\/revisions\/11823"}],"wp:featuredmedia":[{"embeddable":true,"href":"https:\/\/quesoslaricura.com\/en\/wp-json\/wp\/v2\/media\/7280"}],"wp:attachment":[{"href":"https:\/\/quesoslaricura.com\/en\/wp-json\/wp\/v2\/media?parent=5697"}],"wp:term":[{"taxonomy":"product_brand","embeddable":true,"href":"https:\/\/quesoslaricura.com\/en\/wp-json\/wp\/v2\/product_brand?post=5697"},{"taxonomy":"product_cat","embeddable":true,"href":"https:\/\/quesoslaricura.com\/en\/wp-json\/wp\/v2\/product_cat?post=5697"},{"taxonomy":"product_tag","embeddable":true,"href":"https:\/\/quesoslaricura.com\/en\/wp-json\/wp\/v2\/product_tag?post=5697"}],"curies":[{"name":"wp","href":"https:\/\/api.w.org\/{rel}","templated":true}]}}