{"id":6448,"date":"2023-09-28T18:59:15","date_gmt":"2023-09-28T23:59:15","guid":{"rendered":"https:\/\/quesoslaricura.com\/?post_type=product&#038;p=6448"},"modified":"2026-03-26T09:06:01","modified_gmt":"2026-03-26T14:06:01","slug":"cuajada-fresca-chontalena","status":"publish","type":"product","link":"https:\/\/quesoslaricura.com\/en\/product\/cuajada-fresca-chontalena\/","title":{"rendered":"Cuajada fresca chontale\u00f1a"},"content":{"rendered":"","protected":false},"excerpt":{"rendered":"<p><span data-sheets-value=\"{&quot;1&quot;:2,&quot;2&quot;:&quot;431-1&quot;}\" data-sheets-userformat=\"{&quot;2&quot;:12867,&quot;3&quot;:{&quot;1&quot;:0},&quot;4&quot;:{&quot;1&quot;:2,&quot;2&quot;:16777215},&quot;9&quot;:1,&quot;12&quot;:0,&quot;15&quot;:&quot;Nunito&quot;,&quot;16&quot;:12}\"><strong>Item Codigo:\u00a0<\/strong><\/span><\/p>\n<p><span data-sheets-value=\"{&quot;1&quot;:2,&quot;2&quot;:&quot;586-1&quot;}\" data-sheets-userformat=\"{&quot;2&quot;:12867,&quot;3&quot;:{&quot;1&quot;:0},&quot;4&quot;:{&quot;1&quot;:2,&quot;2&quot;:16777215},&quot;9&quot;:1,&quot;12&quot;:0,&quot;15&quot;:&quot;Nunito&quot;,&quot;16&quot;:12}\">586-1<\/span><\/p>\n<p><strong>UPC C\u00f3digo\u00a0<\/strong><\/p>\n<p>76908700586<\/p>\n<p><strong>Cantidad \u00a0<\/strong><\/p>\n<p>Caja por 15 unidades de 12 onzas<\/p>\n<p><strong>Descripci\u00f3n<\/strong><\/p>\n<p>Deliciosa cuajada fresca estilo chontale\u00f1o, reconocida por su textura suave, h\u00fameda y su sabor aut\u00e9ntico. Ideal para acompa\u00f1ar tortillas, arepas, frijoles o disfrutar sola, siendo un ingrediente tradicional en la gastronom\u00eda centroamericana. Perfecta para desayunos y comidas t\u00edpicas con un toque casero.<\/p>\n<p>&nbsp;<\/p>","protected":false},"featured_media":6461,"comment_status":"open","ping_status":"closed","template":"","meta":{"_joinchat":[]},"product_brand":[],"product_cat":[38],"product_tag":[],"class_list":{"0":"post-6448","1":"product","2":"type-product","3":"status-publish","4":"has-post-thumbnail","6":"product_cat-quesosfrescos","8":"first","9":"instock","10":"shipping-taxable","11":"product-type-simple"},"_links":{"self":[{"href":"https:\/\/quesoslaricura.com\/en\/wp-json\/wp\/v2\/product\/6448","targetHints":{"allow":["GET"]}}],"collection":[{"href":"https:\/\/quesoslaricura.com\/en\/wp-json\/wp\/v2\/product"}],"about":[{"href":"https:\/\/quesoslaricura.com\/en\/wp-json\/wp\/v2\/types\/product"}],"replies":[{"embeddable":true,"href":"https:\/\/quesoslaricura.com\/en\/wp-json\/wp\/v2\/comments?post=6448"}],"version-history":[{"count":2,"href":"https:\/\/quesoslaricura.com\/en\/wp-json\/wp\/v2\/product\/6448\/revisions"}],"predecessor-version":[{"id":12308,"href":"https:\/\/quesoslaricura.com\/en\/wp-json\/wp\/v2\/product\/6448\/revisions\/12308"}],"wp:featuredmedia":[{"embeddable":true,"href":"https:\/\/quesoslaricura.com\/en\/wp-json\/wp\/v2\/media\/6461"}],"wp:attachment":[{"href":"https:\/\/quesoslaricura.com\/en\/wp-json\/wp\/v2\/media?parent=6448"}],"wp:term":[{"taxonomy":"product_brand","embeddable":true,"href":"https:\/\/quesoslaricura.com\/en\/wp-json\/wp\/v2\/product_brand?post=6448"},{"taxonomy":"product_cat","embeddable":true,"href":"https:\/\/quesoslaricura.com\/en\/wp-json\/wp\/v2\/product_cat?post=6448"},{"taxonomy":"product_tag","embeddable":true,"href":"https:\/\/quesoslaricura.com\/en\/wp-json\/wp\/v2\/product_tag?post=6448"}],"curies":[{"name":"wp","href":"https:\/\/api.w.org\/{rel}","templated":true}]}}