{"id":6450,"date":"2023-09-28T19:03:52","date_gmt":"2023-09-29T00:03:52","guid":{"rendered":"https:\/\/quesoslaricura.com\/?post_type=product&#038;p=6450"},"modified":"2026-03-26T09:10:28","modified_gmt":"2026-03-26T14:10:28","slug":"cuajada-fresca-campesina-nicaraguense","status":"publish","type":"product","link":"https:\/\/quesoslaricura.com\/en\/product\/cuajada-fresca-campesina-nicaraguense\/","title":{"rendered":"Cuajada fresca campesina Nicarag\u00fcense"},"content":{"rendered":"","protected":false},"excerpt":{"rendered":"<p><span data-sheets-value=\"{&quot;1&quot;:2,&quot;2&quot;:&quot;431-1&quot;}\" data-sheets-userformat=\"{&quot;2&quot;:12867,&quot;3&quot;:{&quot;1&quot;:0},&quot;4&quot;:{&quot;1&quot;:2,&quot;2&quot;:16777215},&quot;9&quot;:1,&quot;12&quot;:0,&quot;15&quot;:&quot;Nunito&quot;,&quot;16&quot;:12}\"><strong>Item Codigo:\u00a0<\/strong><\/span><\/p>\n<p>587-1<\/p>\n<p><strong>UPC C\u00f3digo\u00a0<\/strong><\/p>\n<p>76908700587<\/p>\n<p><strong>Cantidad \u00a0<\/strong><\/p>\n<p>Caja por 15 unidades de 12 onzas<\/p>\n<p><strong>Descripci\u00f3n<\/strong><\/p>\n<p>Aut\u00e9ntica cuajada fresca elaborada al estilo campesino nicarag\u00fcense, con una textura suave y ligeramente granulada, y un sabor delicado y tradicional. Ideal para acompa\u00f1ar tortillas, gallo pinto, frijoles o disfrutar con crema y caf\u00e9, siendo un infaltable en los desayunos y comidas t\u00edpicas de Nicaragua.<\/p>","protected":false},"featured_media":6460,"comment_status":"open","ping_status":"closed","template":"","meta":{"_joinchat":[]},"product_brand":[],"product_cat":[38],"product_tag":[],"class_list":{"0":"post-6450","1":"product","2":"type-product","3":"status-publish","4":"has-post-thumbnail","6":"product_cat-quesosfrescos","8":"first","9":"instock","10":"shipping-taxable","11":"product-type-simple"},"_links":{"self":[{"href":"https:\/\/quesoslaricura.com\/en\/wp-json\/wp\/v2\/product\/6450","targetHints":{"allow":["GET"]}}],"collection":[{"href":"https:\/\/quesoslaricura.com\/en\/wp-json\/wp\/v2\/product"}],"about":[{"href":"https:\/\/quesoslaricura.com\/en\/wp-json\/wp\/v2\/types\/product"}],"replies":[{"embeddable":true,"href":"https:\/\/quesoslaricura.com\/en\/wp-json\/wp\/v2\/comments?post=6450"}],"version-history":[{"count":2,"href":"https:\/\/quesoslaricura.com\/en\/wp-json\/wp\/v2\/product\/6450\/revisions"}],"predecessor-version":[{"id":12310,"href":"https:\/\/quesoslaricura.com\/en\/wp-json\/wp\/v2\/product\/6450\/revisions\/12310"}],"wp:featuredmedia":[{"embeddable":true,"href":"https:\/\/quesoslaricura.com\/en\/wp-json\/wp\/v2\/media\/6460"}],"wp:attachment":[{"href":"https:\/\/quesoslaricura.com\/en\/wp-json\/wp\/v2\/media?parent=6450"}],"wp:term":[{"taxonomy":"product_brand","embeddable":true,"href":"https:\/\/quesoslaricura.com\/en\/wp-json\/wp\/v2\/product_brand?post=6450"},{"taxonomy":"product_cat","embeddable":true,"href":"https:\/\/quesoslaricura.com\/en\/wp-json\/wp\/v2\/product_cat?post=6450"},{"taxonomy":"product_tag","embeddable":true,"href":"https:\/\/quesoslaricura.com\/en\/wp-json\/wp\/v2\/product_tag?post=6450"}],"curies":[{"name":"wp","href":"https:\/\/api.w.org\/{rel}","templated":true}]}}