{"id":6452,"date":"2023-09-28T19:20:16","date_gmt":"2023-09-29T00:20:16","guid":{"rendered":"https:\/\/quesoslaricura.com\/?post_type=product&#038;p=6452"},"modified":"2026-03-27T11:37:51","modified_gmt":"2026-03-27T16:37:51","slug":"crema-mexicana-el-michoacano","status":"publish","type":"product","link":"https:\/\/quesoslaricura.com\/en\/product\/crema-mexicana-el-michoacano\/","title":{"rendered":"Crema Mexicana El Michoacano"},"content":{"rendered":"","protected":false},"excerpt":{"rendered":"<p><span data-sheets-value=\"{&quot;1&quot;:2,&quot;2&quot;:&quot;431-1&quot;}\" data-sheets-userformat=\"{&quot;2&quot;:12867,&quot;3&quot;:{&quot;1&quot;:0},&quot;4&quot;:{&quot;1&quot;:2,&quot;2&quot;:16777215},&quot;9&quot;:1,&quot;12&quot;:0,&quot;15&quot;:&quot;Nunito&quot;,&quot;16&quot;:12}\"><strong>Item Codigo:\u00a0<\/strong><\/span><\/p>\n<p>560-1<\/p>\n<p><strong>UPC C\u00f3digo\u00a0<\/strong><\/p>\n<p>76908700560<\/p>\n<p><strong>Cantidad \u00a0<\/strong><\/p>\n<p>Caja por 35 unidades de 14 Oz.<\/p>\n<p><strong>Descripci\u00f3n<\/strong><\/p>\n<p>Crema mexicana estilo Michoac\u00e1n, suave y cremosa, ideal para acompa\u00f1ar enchiladas, quesadillas, tacos dorados, sopes y antojitos tradicionales. Sabor aut\u00e9ntico para compartir y el uso diario.<\/p>","protected":false},"featured_media":6453,"comment_status":"open","ping_status":"closed","template":"","meta":{"_joinchat":[]},"product_brand":[],"product_cat":[65,67,70],"product_tag":[],"class_list":{"0":"post-6452","1":"product","2":"type-product","3":"status-publish","4":"has-post-thumbnail","6":"product_cat-cremas","7":"product_cat-cremasenbolsa","8":"product_cat-cremas-quesosycremasparadeliyrestaurantes","10":"first","11":"instock","12":"shipping-taxable","13":"product-type-simple"},"_links":{"self":[{"href":"https:\/\/quesoslaricura.com\/en\/wp-json\/wp\/v2\/product\/6452","targetHints":{"allow":["GET"]}}],"collection":[{"href":"https:\/\/quesoslaricura.com\/en\/wp-json\/wp\/v2\/product"}],"about":[{"href":"https:\/\/quesoslaricura.com\/en\/wp-json\/wp\/v2\/types\/product"}],"replies":[{"embeddable":true,"href":"https:\/\/quesoslaricura.com\/en\/wp-json\/wp\/v2\/comments?post=6452"}],"version-history":[{"count":3,"href":"https:\/\/quesoslaricura.com\/en\/wp-json\/wp\/v2\/product\/6452\/revisions"}],"predecessor-version":[{"id":12380,"href":"https:\/\/quesoslaricura.com\/en\/wp-json\/wp\/v2\/product\/6452\/revisions\/12380"}],"wp:featuredmedia":[{"embeddable":true,"href":"https:\/\/quesoslaricura.com\/en\/wp-json\/wp\/v2\/media\/6453"}],"wp:attachment":[{"href":"https:\/\/quesoslaricura.com\/en\/wp-json\/wp\/v2\/media?parent=6452"}],"wp:term":[{"taxonomy":"product_brand","embeddable":true,"href":"https:\/\/quesoslaricura.com\/en\/wp-json\/wp\/v2\/product_brand?post=6452"},{"taxonomy":"product_cat","embeddable":true,"href":"https:\/\/quesoslaricura.com\/en\/wp-json\/wp\/v2\/product_cat?post=6452"},{"taxonomy":"product_tag","embeddable":true,"href":"https:\/\/quesoslaricura.com\/en\/wp-json\/wp\/v2\/product_tag?post=6452"}],"curies":[{"name":"wp","href":"https:\/\/api.w.org\/{rel}","templated":true}]}}