{"id":7250,"date":"2024-04-26T08:21:13","date_gmt":"2024-04-26T13:21:13","guid":{"rendered":"https:\/\/quesoslaricura.com\/?post_type=product&#038;p=7250"},"modified":"2026-03-02T15:06:28","modified_gmt":"2026-03-02T20:06:28","slug":"libras-cuajada-en-terron-tierna","status":"publish","type":"product","link":"https:\/\/quesoslaricura.com\/en\/product\/libras-cuajada-en-terron-tierna\/","title":{"rendered":"Libras cuajada en terr\u00f3n tierna"},"content":{"rendered":"","protected":false},"excerpt":{"rendered":"<p><strong>Item\u00a0C\u00f3digo\u00a0<\/strong><\/p>\n<p>1-30<\/p>\n<p><strong>UPC C\u00f3digo\u00a0<\/strong><\/p>\n<p>76908700001<\/p>\n<p><strong>Cantidad \u00a0<\/strong><\/p>\n<p>1 cubeta de 30 libras<\/p>\n<p><strong>Descripci\u00f3n<\/strong><\/p>\n<p><strong data-start=\"0\" data-end=\"38\" data-is-only-node=\"\">Libras de cuajada en terr\u00f3n tierna<\/strong>, fresca y de textura suave, ideal para cortar en porciones y servir con frijoles reci\u00e9n hechos, arroz blanco o tortillas calientes. Tambi\u00e9n puede desmenuzarse para rellenar empanadas, acompa\u00f1ar yuca cocida o integrarse en desayunos tradicionales, aportando un sabor l\u00e1cteo delicado y natural.<\/p>","protected":false},"featured_media":7251,"comment_status":"open","ping_status":"closed","template":"","meta":{"_joinchat":[]},"product_brand":[],"product_cat":[86,80],"product_tag":[],"class_list":{"0":"post-7250","1":"product","2":"type-product","3":"status-publish","4":"has-post-thumbnail","6":"product_cat-bulk-quesos-frescos","7":"product_cat-productos-para-dely-y-restaurantes","9":"first","10":"instock","11":"shipping-taxable","12":"product-type-simple"},"_links":{"self":[{"href":"https:\/\/quesoslaricura.com\/en\/wp-json\/wp\/v2\/product\/7250","targetHints":{"allow":["GET"]}}],"collection":[{"href":"https:\/\/quesoslaricura.com\/en\/wp-json\/wp\/v2\/product"}],"about":[{"href":"https:\/\/quesoslaricura.com\/en\/wp-json\/wp\/v2\/types\/product"}],"replies":[{"embeddable":true,"href":"https:\/\/quesoslaricura.com\/en\/wp-json\/wp\/v2\/comments?post=7250"}],"version-history":[{"count":2,"href":"https:\/\/quesoslaricura.com\/en\/wp-json\/wp\/v2\/product\/7250\/revisions"}],"predecessor-version":[{"id":11644,"href":"https:\/\/quesoslaricura.com\/en\/wp-json\/wp\/v2\/product\/7250\/revisions\/11644"}],"wp:featuredmedia":[{"embeddable":true,"href":"https:\/\/quesoslaricura.com\/en\/wp-json\/wp\/v2\/media\/7251"}],"wp:attachment":[{"href":"https:\/\/quesoslaricura.com\/en\/wp-json\/wp\/v2\/media?parent=7250"}],"wp:term":[{"taxonomy":"product_brand","embeddable":true,"href":"https:\/\/quesoslaricura.com\/en\/wp-json\/wp\/v2\/product_brand?post=7250"},{"taxonomy":"product_cat","embeddable":true,"href":"https:\/\/quesoslaricura.com\/en\/wp-json\/wp\/v2\/product_cat?post=7250"},{"taxonomy":"product_tag","embeddable":true,"href":"https:\/\/quesoslaricura.com\/en\/wp-json\/wp\/v2\/product_tag?post=7250"}],"curies":[{"name":"wp","href":"https:\/\/api.w.org\/{rel}","templated":true}]}}