{"id":7269,"date":"2024-04-26T11:09:54","date_gmt":"2024-04-26T16:09:54","guid":{"rendered":"https:\/\/quesoslaricura.com\/?post_type=product&#038;p=7269"},"modified":"2026-03-13T17:24:57","modified_gmt":"2026-03-13T22:24:57","slug":"de-maiz-capacha","status":"publish","type":"product","link":"https:\/\/quesoslaricura.com\/en\/product\/de-maiz-capacha\/","title":{"rendered":"De ma\u00edz capacha"},"content":{"rendered":"","protected":false},"excerpt":{"rendered":"<p><strong>Item\u00a0C\u00f3digo\u00a0<\/strong><\/p>\n<p>892-1<\/p>\n<p><strong>UPC C\u00f3digo\u00a0<\/strong><\/p>\n<p>76908706033<\/p>\n<p><strong>Cantidad \u00a0<\/strong><\/p>\n<p>Caja por 10 Unidades de 26 onzas<\/p>\n<p><strong>Descripci\u00f3n<\/strong><\/p>\n<p>Capachas elaboradas con ma\u00edz, una preparaci\u00f3n tradicional centroamericana con un sabor suave y aut\u00e9ntico. Perfectas para disfrutar como snack, acompa\u00f1amiento o en comidas t\u00edpicas.<\/p>","protected":false},"featured_media":7270,"comment_status":"open","ping_status":"closed","template":"","meta":{"_joinchat":[]},"product_brand":[],"product_cat":[77],"product_tag":[],"class_list":{"0":"post-7269","1":"product","2":"type-product","3":"status-publish","4":"has-post-thumbnail","6":"product_cat-arepas","8":"first","9":"instock","10":"shipping-taxable","11":"product-type-simple"},"_links":{"self":[{"href":"https:\/\/quesoslaricura.com\/en\/wp-json\/wp\/v2\/product\/7269","targetHints":{"allow":["GET"]}}],"collection":[{"href":"https:\/\/quesoslaricura.com\/en\/wp-json\/wp\/v2\/product"}],"about":[{"href":"https:\/\/quesoslaricura.com\/en\/wp-json\/wp\/v2\/types\/product"}],"replies":[{"embeddable":true,"href":"https:\/\/quesoslaricura.com\/en\/wp-json\/wp\/v2\/comments?post=7269"}],"version-history":[{"count":3,"href":"https:\/\/quesoslaricura.com\/en\/wp-json\/wp\/v2\/product\/7269\/revisions"}],"predecessor-version":[{"id":12038,"href":"https:\/\/quesoslaricura.com\/en\/wp-json\/wp\/v2\/product\/7269\/revisions\/12038"}],"wp:featuredmedia":[{"embeddable":true,"href":"https:\/\/quesoslaricura.com\/en\/wp-json\/wp\/v2\/media\/7270"}],"wp:attachment":[{"href":"https:\/\/quesoslaricura.com\/en\/wp-json\/wp\/v2\/media?parent=7269"}],"wp:term":[{"taxonomy":"product_brand","embeddable":true,"href":"https:\/\/quesoslaricura.com\/en\/wp-json\/wp\/v2\/product_brand?post=7269"},{"taxonomy":"product_cat","embeddable":true,"href":"https:\/\/quesoslaricura.com\/en\/wp-json\/wp\/v2\/product_cat?post=7269"},{"taxonomy":"product_tag","embeddable":true,"href":"https:\/\/quesoslaricura.com\/en\/wp-json\/wp\/v2\/product_tag?post=7269"}],"curies":[{"name":"wp","href":"https:\/\/api.w.org\/{rel}","templated":true}]}}