{"id":7296,"date":"2024-06-04T14:27:39","date_gmt":"2024-06-04T19:27:39","guid":{"rendered":"https:\/\/quesoslaricura.com\/?post_type=product&#038;p=7296"},"modified":"2026-03-19T07:27:42","modified_gmt":"2026-03-19T12:27:42","slug":"gelatina-naranja-fresa-y-manzana","status":"publish","type":"product","link":"https:\/\/quesoslaricura.com\/en\/product\/gelatina-naranja-fresa-y-manzana\/","title":{"rendered":"Gelatina naranja, fresa y manzana"},"content":{"rendered":"","protected":false},"excerpt":{"rendered":"<p><span data-sheets-value=\"{&quot;1&quot;:2,&quot;2&quot;:&quot;431-1&quot;}\" data-sheets-userformat=\"{&quot;2&quot;:12867,&quot;3&quot;:{&quot;1&quot;:0},&quot;4&quot;:{&quot;1&quot;:2,&quot;2&quot;:16777215},&quot;9&quot;:1,&quot;12&quot;:0,&quot;15&quot;:&quot;Nunito&quot;,&quot;16&quot;:12}\"><strong>Item Codigo:\u00a0<\/strong><\/span><\/p>\n<p>690-C1<\/p>\n<p><strong>UPC C\u00f3digo\u00a0<\/strong><\/p>\n<p>76908700690<\/p>\n<p><strong>Cantidad \u00a0<\/strong><\/p>\n<p>Caja por 12 unidades de 26.23 onzas<\/p>\n<p><strong>Descripci\u00f3n<\/strong><\/p>\n<p>Deliciosa gelatina en presentaci\u00f3n surtida con sabores de naranja, fresa y manzana, ideal para disfrutar como un postre refrescante y pr\u00e1ctico. Cada porci\u00f3n ofrece una experiencia frutal \u00fanica, perfecta para compartir en familia, incluir en loncheras o disfrutar en cualquier momento del d\u00eda. Su combinaci\u00f3n de sabores la convierte en una opci\u00f3n colorida, ligera y muy apetecida.<\/p>","protected":false},"featured_media":7311,"comment_status":"open","ping_status":"closed","template":"","meta":{"_joinchat":[]},"product_brand":[],"product_cat":[87,58],"product_tag":[],"class_list":{"0":"post-7296","1":"product","2":"type-product","3":"status-publish","4":"has-post-thumbnail","6":"product_cat-gelatinas","7":"product_cat-grocery","9":"first","10":"instock","11":"shipping-taxable","12":"product-type-simple"},"_links":{"self":[{"href":"https:\/\/quesoslaricura.com\/en\/wp-json\/wp\/v2\/product\/7296","targetHints":{"allow":["GET"]}}],"collection":[{"href":"https:\/\/quesoslaricura.com\/en\/wp-json\/wp\/v2\/product"}],"about":[{"href":"https:\/\/quesoslaricura.com\/en\/wp-json\/wp\/v2\/types\/product"}],"replies":[{"embeddable":true,"href":"https:\/\/quesoslaricura.com\/en\/wp-json\/wp\/v2\/comments?post=7296"}],"version-history":[{"count":3,"href":"https:\/\/quesoslaricura.com\/en\/wp-json\/wp\/v2\/product\/7296\/revisions"}],"predecessor-version":[{"id":12144,"href":"https:\/\/quesoslaricura.com\/en\/wp-json\/wp\/v2\/product\/7296\/revisions\/12144"}],"wp:featuredmedia":[{"embeddable":true,"href":"https:\/\/quesoslaricura.com\/en\/wp-json\/wp\/v2\/media\/7311"}],"wp:attachment":[{"href":"https:\/\/quesoslaricura.com\/en\/wp-json\/wp\/v2\/media?parent=7296"}],"wp:term":[{"taxonomy":"product_brand","embeddable":true,"href":"https:\/\/quesoslaricura.com\/en\/wp-json\/wp\/v2\/product_brand?post=7296"},{"taxonomy":"product_cat","embeddable":true,"href":"https:\/\/quesoslaricura.com\/en\/wp-json\/wp\/v2\/product_cat?post=7296"},{"taxonomy":"product_tag","embeddable":true,"href":"https:\/\/quesoslaricura.com\/en\/wp-json\/wp\/v2\/product_tag?post=7296"}],"curies":[{"name":"wp","href":"https:\/\/api.w.org\/{rel}","templated":true}]}}