{"id":7298,"date":"2024-06-04T14:30:23","date_gmt":"2024-06-04T19:30:23","guid":{"rendered":"https:\/\/quesoslaricura.com\/?post_type=product&#038;p=7298"},"modified":"2026-03-19T07:17:30","modified_gmt":"2026-03-19T12:17:30","slug":"gelatina-de-naranja","status":"publish","type":"product","link":"https:\/\/quesoslaricura.com\/en\/product\/gelatina-de-naranja\/","title":{"rendered":"Gelatina de naranja"},"content":{"rendered":"","protected":false},"excerpt":{"rendered":"<p><span data-sheets-value=\"{&quot;1&quot;:2,&quot;2&quot;:&quot;431-1&quot;}\" data-sheets-userformat=\"{&quot;2&quot;:12867,&quot;3&quot;:{&quot;1&quot;:0},&quot;4&quot;:{&quot;1&quot;:2,&quot;2&quot;:16777215},&quot;9&quot;:1,&quot;12&quot;:0,&quot;15&quot;:&quot;Nunito&quot;,&quot;16&quot;:12}\"><strong>Item Codigo:\u00a0<\/strong><\/span><\/p>\n<p>689-C1<\/p>\n<p><strong>UPC C\u00f3digo\u00a0<\/strong><\/p>\n<p>76908700689<\/p>\n<p><strong>Cantidad \u00a0<\/strong><\/p>\n<p>Caja por 12 unidades de 26.23 onzas<\/p>\n<p><strong>Descripci\u00f3n<\/strong><\/p>\n<p>Refrescante gelatina con sabor a naranja, con un equilibrio perfecto entre dulce y c\u00edtrico. Ideal como postre ligero para cualquier ocasi\u00f3n, perfecta para disfrutar sola o acompa\u00f1ada con frutas, crema o leche condensada. Una opci\u00f3n deliciosa para reuniones, celebraciones o despu\u00e9s de las comidas.<\/p>","protected":false},"featured_media":7309,"comment_status":"open","ping_status":"closed","template":"","meta":{"_joinchat":[]},"product_brand":[],"product_cat":[87,58],"product_tag":[],"class_list":{"0":"post-7298","1":"product","2":"type-product","3":"status-publish","4":"has-post-thumbnail","6":"product_cat-gelatinas","7":"product_cat-grocery","9":"first","10":"instock","11":"shipping-taxable","12":"product-type-simple"},"_links":{"self":[{"href":"https:\/\/quesoslaricura.com\/en\/wp-json\/wp\/v2\/product\/7298","targetHints":{"allow":["GET"]}}],"collection":[{"href":"https:\/\/quesoslaricura.com\/en\/wp-json\/wp\/v2\/product"}],"about":[{"href":"https:\/\/quesoslaricura.com\/en\/wp-json\/wp\/v2\/types\/product"}],"replies":[{"embeddable":true,"href":"https:\/\/quesoslaricura.com\/en\/wp-json\/wp\/v2\/comments?post=7298"}],"version-history":[{"count":1,"href":"https:\/\/quesoslaricura.com\/en\/wp-json\/wp\/v2\/product\/7298\/revisions"}],"predecessor-version":[{"id":12140,"href":"https:\/\/quesoslaricura.com\/en\/wp-json\/wp\/v2\/product\/7298\/revisions\/12140"}],"wp:featuredmedia":[{"embeddable":true,"href":"https:\/\/quesoslaricura.com\/en\/wp-json\/wp\/v2\/media\/7309"}],"wp:attachment":[{"href":"https:\/\/quesoslaricura.com\/en\/wp-json\/wp\/v2\/media?parent=7298"}],"wp:term":[{"taxonomy":"product_brand","embeddable":true,"href":"https:\/\/quesoslaricura.com\/en\/wp-json\/wp\/v2\/product_brand?post=7298"},{"taxonomy":"product_cat","embeddable":true,"href":"https:\/\/quesoslaricura.com\/en\/wp-json\/wp\/v2\/product_cat?post=7298"},{"taxonomy":"product_tag","embeddable":true,"href":"https:\/\/quesoslaricura.com\/en\/wp-json\/wp\/v2\/product_tag?post=7298"}],"curies":[{"name":"wp","href":"https:\/\/api.w.org\/{rel}","templated":true}]}}