{"id":7300,"date":"2024-06-04T14:34:10","date_gmt":"2024-06-04T19:34:10","guid":{"rendered":"https:\/\/quesoslaricura.com\/?post_type=product&#038;p=7300"},"modified":"2026-03-19T07:15:35","modified_gmt":"2026-03-19T12:15:35","slug":"gelatina-de-fresa","status":"publish","type":"product","link":"https:\/\/quesoslaricura.com\/en\/product\/gelatina-de-fresa\/","title":{"rendered":"Gelatina de fresa"},"content":{"rendered":"","protected":false},"excerpt":{"rendered":"<p><span data-sheets-value=\"{&quot;1&quot;:2,&quot;2&quot;:&quot;431-1&quot;}\" data-sheets-userformat=\"{&quot;2&quot;:12867,&quot;3&quot;:{&quot;1&quot;:0},&quot;4&quot;:{&quot;1&quot;:2,&quot;2&quot;:16777215},&quot;9&quot;:1,&quot;12&quot;:0,&quot;15&quot;:&quot;Nunito&quot;,&quot;16&quot;:12}\"><strong>Item Codigo:\u00a0<\/strong><\/span><\/p>\n<p>888-C1<\/p>\n<p><strong>UPC C\u00f3digo\u00a0<\/strong><\/p>\n<p>76908700888<\/p>\n<p><strong>Cantidad \u00a0<\/strong><\/p>\n<p>Caja por 12 unidades de 26.23 onzas<\/p>\n<p><strong>Descripci\u00f3n<\/strong><\/p>\n<p>Deliciosa gelatina con sabor a fresa, refrescante y ligeramente dulce, ideal para disfrutar como postre en cualquier momento del d\u00eda. Perfecta para acompa\u00f1ar con frutas, crema o leche condensada, y una excelente opci\u00f3n para reuniones, celebraciones o como un antojo ligero y agradable.<\/p>","protected":false},"featured_media":7308,"comment_status":"open","ping_status":"closed","template":"","meta":{"_joinchat":[]},"product_brand":[],"product_cat":[87,58],"product_tag":[],"class_list":{"0":"post-7300","1":"product","2":"type-product","3":"status-publish","4":"has-post-thumbnail","6":"product_cat-gelatinas","7":"product_cat-grocery","9":"first","10":"instock","11":"shipping-taxable","12":"product-type-simple"},"_links":{"self":[{"href":"https:\/\/quesoslaricura.com\/en\/wp-json\/wp\/v2\/product\/7300","targetHints":{"allow":["GET"]}}],"collection":[{"href":"https:\/\/quesoslaricura.com\/en\/wp-json\/wp\/v2\/product"}],"about":[{"href":"https:\/\/quesoslaricura.com\/en\/wp-json\/wp\/v2\/types\/product"}],"replies":[{"embeddable":true,"href":"https:\/\/quesoslaricura.com\/en\/wp-json\/wp\/v2\/comments?post=7300"}],"version-history":[{"count":2,"href":"https:\/\/quesoslaricura.com\/en\/wp-json\/wp\/v2\/product\/7300\/revisions"}],"predecessor-version":[{"id":12139,"href":"https:\/\/quesoslaricura.com\/en\/wp-json\/wp\/v2\/product\/7300\/revisions\/12139"}],"wp:featuredmedia":[{"embeddable":true,"href":"https:\/\/quesoslaricura.com\/en\/wp-json\/wp\/v2\/media\/7308"}],"wp:attachment":[{"href":"https:\/\/quesoslaricura.com\/en\/wp-json\/wp\/v2\/media?parent=7300"}],"wp:term":[{"taxonomy":"product_brand","embeddable":true,"href":"https:\/\/quesoslaricura.com\/en\/wp-json\/wp\/v2\/product_brand?post=7300"},{"taxonomy":"product_cat","embeddable":true,"href":"https:\/\/quesoslaricura.com\/en\/wp-json\/wp\/v2\/product_cat?post=7300"},{"taxonomy":"product_tag","embeddable":true,"href":"https:\/\/quesoslaricura.com\/en\/wp-json\/wp\/v2\/product_tag?post=7300"}],"curies":[{"name":"wp","href":"https:\/\/api.w.org\/{rel}","templated":true}]}}