{"id":7840,"date":"2024-07-31T13:04:11","date_gmt":"2024-07-31T18:04:11","guid":{"rendered":"https:\/\/quesoslaricura.com\/?post_type=product&#038;p=7840"},"modified":"2026-03-11T10:51:33","modified_gmt":"2026-03-11T15:51:33","slug":"olancho-chorizo-extremeno-2","status":"publish","type":"product","link":"https:\/\/quesoslaricura.com\/en\/product\/olancho-chorizo-extremeno-2\/","title":{"rendered":"Olancho chorizo extreme\u00f1o"},"content":{"rendered":"","protected":false},"excerpt":{"rendered":"<p><strong>tem\u00a0C\u00f3digo\u00a0<\/strong><\/p>\n<p>695-1<\/p>\n<p><strong>UPC C\u00f3digo\u00a0<\/strong><\/p>\n<p>76908700695<\/p>\n<p><strong>Cantidad \u00a0<\/strong><\/p>\n<p>Caja por 12 unidades de 14 onzas<\/p>\n<p><strong>Descripci\u00f3n<\/strong><\/p>\n<p>Embutido previamente cocido que facilita su preparaci\u00f3n. Solo requiere calentarse a la parrilla o en sart\u00e9n para disfrutar su sabor intenso acompa\u00f1ado de arroz, frijoles, tortillas o yuca.<\/p>","protected":false},"featured_media":7841,"comment_status":"open","ping_status":"closed","template":"","meta":{"_joinchat":[]},"product_brand":[],"product_cat":[307],"product_tag":[],"class_list":{"0":"post-7840","1":"product","2":"type-product","3":"status-publish","4":"has-post-thumbnail","6":"product_cat-carnes","8":"first","9":"instock","10":"shipping-taxable","11":"product-type-simple"},"_links":{"self":[{"href":"https:\/\/quesoslaricura.com\/en\/wp-json\/wp\/v2\/product\/7840","targetHints":{"allow":["GET"]}}],"collection":[{"href":"https:\/\/quesoslaricura.com\/en\/wp-json\/wp\/v2\/product"}],"about":[{"href":"https:\/\/quesoslaricura.com\/en\/wp-json\/wp\/v2\/types\/product"}],"replies":[{"embeddable":true,"href":"https:\/\/quesoslaricura.com\/en\/wp-json\/wp\/v2\/comments?post=7840"}],"version-history":[{"count":2,"href":"https:\/\/quesoslaricura.com\/en\/wp-json\/wp\/v2\/product\/7840\/revisions"}],"predecessor-version":[{"id":11954,"href":"https:\/\/quesoslaricura.com\/en\/wp-json\/wp\/v2\/product\/7840\/revisions\/11954"}],"wp:featuredmedia":[{"embeddable":true,"href":"https:\/\/quesoslaricura.com\/en\/wp-json\/wp\/v2\/media\/7841"}],"wp:attachment":[{"href":"https:\/\/quesoslaricura.com\/en\/wp-json\/wp\/v2\/media?parent=7840"}],"wp:term":[{"taxonomy":"product_brand","embeddable":true,"href":"https:\/\/quesoslaricura.com\/en\/wp-json\/wp\/v2\/product_brand?post=7840"},{"taxonomy":"product_cat","embeddable":true,"href":"https:\/\/quesoslaricura.com\/en\/wp-json\/wp\/v2\/product_cat?post=7840"},{"taxonomy":"product_tag","embeddable":true,"href":"https:\/\/quesoslaricura.com\/en\/wp-json\/wp\/v2\/product_tag?post=7840"}],"curies":[{"name":"wp","href":"https:\/\/api.w.org\/{rel}","templated":true}]}}