{"id":7880,"date":"2024-08-06T09:25:11","date_gmt":"2024-08-06T14:25:11","guid":{"rendered":"https:\/\/quesoslaricura.com\/?post_type=product&#038;p=7880"},"modified":"2026-03-13T09:14:03","modified_gmt":"2026-03-13T14:14:03","slug":"discos-para-empanadas","status":"publish","type":"product","link":"https:\/\/quesoslaricura.com\/en\/product\/discos-para-empanadas\/","title":{"rendered":"Discos para Empanadas"},"content":{"rendered":"","protected":false},"excerpt":{"rendered":"<div class=\"woocommerce-product-details__short-description\">\n<div class=\"woocommerce-product-details__short-description\">\n<div class=\"woocommerce-product-details__short-description\">\n<div class=\"woocommerce-product-details__short-description\">\n<p><strong>Item C\u00f3digo<\/strong><\/p>\n<p>845-C1<\/p>\n<p><strong>UPC C\u00f3digo<\/strong><\/p>\n<p>76908700845<\/p>\n<p><strong>Cantidad<\/strong><\/p>\n<p>Caja \u00a0por 12 unidades de 14 onzas<\/p>\n<p><strong>Descripci\u00f3n<\/strong><\/p>\n<p><strong data-start=\"0\" data-end=\"25\" data-is-only-node=\"\">Discos para empanadas<\/strong>, masa lista para usar ideal para preparar empanadas caseras de forma r\u00e1pida y pr\u00e1ctica. Perfectos para rellenar con carne, pollo, queso, verduras o mezclas tradicionales latinoamericanas. Pueden hornearse o fre\u00edrse hasta obtener una textura dorada y crujiente, convirti\u00e9ndose en una excelente opci\u00f3n para aperitivos, reuniones familiares o comidas t\u00edpicas. Tama\u00f1o del disco 5.5&#8243;<\/p>\n<\/div>\n<\/div>\n<\/div>\n<\/div>","protected":false},"featured_media":7881,"comment_status":"open","ping_status":"closed","template":"","meta":{"_joinchat":[]},"product_brand":[],"product_cat":[142,50],"product_tag":[],"class_list":{"0":"post-7880","1":"product","2":"type-product","3":"status-publish","4":"has-post-thumbnail","6":"product_cat-discos-empanadas","7":"product_cat-congelados","9":"first","10":"instock","11":"shipping-taxable","12":"product-type-simple"},"_links":{"self":[{"href":"https:\/\/quesoslaricura.com\/en\/wp-json\/wp\/v2\/product\/7880","targetHints":{"allow":["GET"]}}],"collection":[{"href":"https:\/\/quesoslaricura.com\/en\/wp-json\/wp\/v2\/product"}],"about":[{"href":"https:\/\/quesoslaricura.com\/en\/wp-json\/wp\/v2\/types\/product"}],"replies":[{"embeddable":true,"href":"https:\/\/quesoslaricura.com\/en\/wp-json\/wp\/v2\/comments?post=7880"}],"version-history":[{"count":4,"href":"https:\/\/quesoslaricura.com\/en\/wp-json\/wp\/v2\/product\/7880\/revisions"}],"predecessor-version":[{"id":12028,"href":"https:\/\/quesoslaricura.com\/en\/wp-json\/wp\/v2\/product\/7880\/revisions\/12028"}],"wp:featuredmedia":[{"embeddable":true,"href":"https:\/\/quesoslaricura.com\/en\/wp-json\/wp\/v2\/media\/7881"}],"wp:attachment":[{"href":"https:\/\/quesoslaricura.com\/en\/wp-json\/wp\/v2\/media?parent=7880"}],"wp:term":[{"taxonomy":"product_brand","embeddable":true,"href":"https:\/\/quesoslaricura.com\/en\/wp-json\/wp\/v2\/product_brand?post=7880"},{"taxonomy":"product_cat","embeddable":true,"href":"https:\/\/quesoslaricura.com\/en\/wp-json\/wp\/v2\/product_cat?post=7880"},{"taxonomy":"product_tag","embeddable":true,"href":"https:\/\/quesoslaricura.com\/en\/wp-json\/wp\/v2\/product_tag?post=7880"}],"curies":[{"name":"wp","href":"https:\/\/api.w.org\/{rel}","templated":true}]}}