{"id":8398,"date":"2024-09-20T19:12:21","date_gmt":"2024-09-21T00:12:21","guid":{"rendered":"https:\/\/quesoslaricura.com\/?post_type=product&#038;p=8398"},"modified":"2026-03-24T08:47:44","modified_gmt":"2026-03-24T13:47:44","slug":"pura-pulpa-de-mora-3","status":"publish","type":"product","link":"https:\/\/quesoslaricura.com\/en\/product\/pura-pulpa-de-mora-3\/","title":{"rendered":"Pura pulpa de mora"},"content":{"rendered":"","protected":false},"excerpt":{"rendered":"<p><strong>Item\u00a0C\u00f3digo\u00a0<\/strong><\/p>\n<p><span data-sheets-value=\"{&quot;1&quot;:2,&quot;2&quot;:&quot;451-1&quot;}\" data-sheets-userformat=\"{&quot;2&quot;:12867,&quot;3&quot;:{&quot;1&quot;:0},&quot;4&quot;:{&quot;1&quot;:2,&quot;2&quot;:16777215},&quot;9&quot;:1,&quot;12&quot;:0,&quot;15&quot;:&quot;Nunito&quot;,&quot;16&quot;:12}\">874-1<\/span><\/p>\n<p><strong>UPC C\u00f3digo\u00a0<\/strong><\/p>\n<p>76908700874<\/p>\n<p><strong>Cantidad \u00a0<\/strong><\/p>\n<p><span data-sheets-value=\"{&quot;1&quot;:2,&quot;2&quot;:&quot;Cajax12 Und&quot;}\" data-sheets-userformat=\"{&quot;2&quot;:14915,&quot;3&quot;:{&quot;1&quot;:0},&quot;4&quot;:{&quot;1&quot;:2,&quot;2&quot;:16777215},&quot;9&quot;:1,&quot;12&quot;:0,&quot;14&quot;:{&quot;1&quot;:2,&quot;2&quot;:0},&quot;15&quot;:&quot;Nunito&quot;,&quot;16&quot;:12}\">Caja por 8 unidades de 40.5 onzas<\/span><\/p>\n<p><strong>Descripci\u00f3n<\/strong><\/p>\n<p data-start=\"2116\" data-end=\"2243\">N\u00e9ctar de mora en presentaci\u00f3n grande, ideal para disfrutar en casa o acompa\u00f1ar comidas.<\/p>","protected":false},"featured_media":8399,"comment_status":"open","ping_status":"closed","template":"","meta":{"_joinchat":[]},"product_brand":[],"product_cat":[57],"product_tag":[],"class_list":{"0":"post-8398","1":"product","2":"type-product","3":"status-publish","4":"has-post-thumbnail","6":"product_cat-produce","8":"first","9":"instock","10":"shipping-taxable","11":"product-type-simple"},"_links":{"self":[{"href":"https:\/\/quesoslaricura.com\/en\/wp-json\/wp\/v2\/product\/8398","targetHints":{"allow":["GET"]}}],"collection":[{"href":"https:\/\/quesoslaricura.com\/en\/wp-json\/wp\/v2\/product"}],"about":[{"href":"https:\/\/quesoslaricura.com\/en\/wp-json\/wp\/v2\/types\/product"}],"replies":[{"embeddable":true,"href":"https:\/\/quesoslaricura.com\/en\/wp-json\/wp\/v2\/comments?post=8398"}],"version-history":[{"count":1,"href":"https:\/\/quesoslaricura.com\/en\/wp-json\/wp\/v2\/product\/8398\/revisions"}],"predecessor-version":[{"id":12286,"href":"https:\/\/quesoslaricura.com\/en\/wp-json\/wp\/v2\/product\/8398\/revisions\/12286"}],"wp:featuredmedia":[{"embeddable":true,"href":"https:\/\/quesoslaricura.com\/en\/wp-json\/wp\/v2\/media\/8399"}],"wp:attachment":[{"href":"https:\/\/quesoslaricura.com\/en\/wp-json\/wp\/v2\/media?parent=8398"}],"wp:term":[{"taxonomy":"product_brand","embeddable":true,"href":"https:\/\/quesoslaricura.com\/en\/wp-json\/wp\/v2\/product_brand?post=8398"},{"taxonomy":"product_cat","embeddable":true,"href":"https:\/\/quesoslaricura.com\/en\/wp-json\/wp\/v2\/product_cat?post=8398"},{"taxonomy":"product_tag","embeddable":true,"href":"https:\/\/quesoslaricura.com\/en\/wp-json\/wp\/v2\/product_tag?post=8398"}],"curies":[{"name":"wp","href":"https:\/\/api.w.org\/{rel}","templated":true}]}}