{"id":8428,"date":"2024-09-23T17:37:31","date_gmt":"2024-09-23T22:37:31","guid":{"rendered":"https:\/\/quesoslaricura.com\/?post_type=product&#038;p=8428"},"modified":"2026-03-19T10:48:48","modified_gmt":"2026-03-19T15:48:48","slug":"aloe-vera-kiwi","status":"publish","type":"product","link":"https:\/\/quesoslaricura.com\/en\/product\/aloe-vera-kiwi\/","title":{"rendered":"Aloe vera kiwi"},"content":{"rendered":"","protected":false},"excerpt":{"rendered":"<p><strong>Item Codigo:\u00a0<\/strong><\/p>\n<p>AV158-C1<\/p>\n<p><strong>UPC Code<\/strong><\/p>\n<p>896650001586<\/p>\n<p><strong>Cantidad<\/strong><\/p>\n<p><span data-sheets-value=\"{&quot;1&quot;:2,&quot;2&quot;:&quot;Cajax12 Und&quot;}\" data-sheets-userformat=\"{&quot;2&quot;:14915,&quot;3&quot;:{&quot;1&quot;:0},&quot;4&quot;:{&quot;1&quot;:2,&quot;2&quot;:16777215},&quot;9&quot;:1,&quot;12&quot;:0,&quot;14&quot;:{&quot;1&quot;:2,&quot;2&quot;:0},&quot;15&quot;:&quot;Nunito&quot;,&quot;16&quot;:12}\">Caja por 12 unidades de 1.5 litros<\/span><\/p>\n<p><strong>Descripci\u00f3n<\/strong><\/p>\n<p>Bebida de s\u00e1bila con sabor a kiwi, con un toque \u00e1cido y refrescante. Ideal para disfrutar fr\u00eda en cualquier momento.<\/p>","protected":false},"featured_media":8429,"comment_status":"open","ping_status":"closed","template":"","meta":{"_joinchat":[]},"product_brand":[],"product_cat":[58,63],"product_tag":[],"class_list":{"0":"post-8428","1":"product","2":"type-product","3":"status-publish","4":"has-post-thumbnail","6":"product_cat-grocery","7":"product_cat-aloevera","9":"first","10":"instock","11":"shipping-taxable","12":"product-type-simple"},"_links":{"self":[{"href":"https:\/\/quesoslaricura.com\/en\/wp-json\/wp\/v2\/product\/8428","targetHints":{"allow":["GET"]}}],"collection":[{"href":"https:\/\/quesoslaricura.com\/en\/wp-json\/wp\/v2\/product"}],"about":[{"href":"https:\/\/quesoslaricura.com\/en\/wp-json\/wp\/v2\/types\/product"}],"replies":[{"embeddable":true,"href":"https:\/\/quesoslaricura.com\/en\/wp-json\/wp\/v2\/comments?post=8428"}],"version-history":[{"count":2,"href":"https:\/\/quesoslaricura.com\/en\/wp-json\/wp\/v2\/product\/8428\/revisions"}],"predecessor-version":[{"id":12176,"href":"https:\/\/quesoslaricura.com\/en\/wp-json\/wp\/v2\/product\/8428\/revisions\/12176"}],"wp:featuredmedia":[{"embeddable":true,"href":"https:\/\/quesoslaricura.com\/en\/wp-json\/wp\/v2\/media\/8429"}],"wp:attachment":[{"href":"https:\/\/quesoslaricura.com\/en\/wp-json\/wp\/v2\/media?parent=8428"}],"wp:term":[{"taxonomy":"product_brand","embeddable":true,"href":"https:\/\/quesoslaricura.com\/en\/wp-json\/wp\/v2\/product_brand?post=8428"},{"taxonomy":"product_cat","embeddable":true,"href":"https:\/\/quesoslaricura.com\/en\/wp-json\/wp\/v2\/product_cat?post=8428"},{"taxonomy":"product_tag","embeddable":true,"href":"https:\/\/quesoslaricura.com\/en\/wp-json\/wp\/v2\/product_tag?post=8428"}],"curies":[{"name":"wp","href":"https:\/\/api.w.org\/{rel}","templated":true}]}}