{"id":8498,"date":"2024-10-08T15:30:33","date_gmt":"2024-10-08T20:30:33","guid":{"rendered":"https:\/\/quesoslaricura.com\/?post_type=product&#038;p=8498"},"modified":"2026-03-10T11:06:50","modified_gmt":"2026-03-10T16:06:50","slug":"patacon-toston-jumbo","status":"publish","type":"product","link":"https:\/\/quesoslaricura.com\/en\/product\/patacon-toston-jumbo\/","title":{"rendered":"Patac\u00f3n tost\u00f3n jumbo"},"content":{"rendered":"","protected":false},"excerpt":{"rendered":"<div class=\"woocommerce-product-details__short-description\">\n<div class=\"woocommerce-product-details__short-description\">\n<div class=\"woocommerce-product-details__short-description\">\n<p><strong>Item\u00a0C\u00f3digo\u00a0<\/strong><\/p>\n<p>678-C1<\/p>\n<p><strong>UPC C\u00f3digo\u00a0<\/strong><\/p>\n<p>76908700678<\/p>\n<p><strong>Cantidad \u00a0<\/strong><\/p>\n<p><span data-sheets-value=\"{&quot;1&quot;:2,&quot;2&quot;:&quot;Cajax24und&quot;}\" data-sheets-userformat=\"{&quot;2&quot;:14915,&quot;3&quot;:{&quot;1&quot;:0},&quot;4&quot;:{&quot;1&quot;:2,&quot;2&quot;:16777215},&quot;9&quot;:1,&quot;12&quot;:0,&quot;14&quot;:{&quot;1&quot;:2,&quot;2&quot;:0},&quot;15&quot;:&quot;Nunito&quot;,&quot;16&quot;:12}\">Caja por 10 unidades de 2 libras<\/span><\/p>\n<p><strong>Descripci\u00f3n<\/strong><\/p>\n<p>Patacones elaborados con pl\u00e1tano verde seleccionados y precortados, listos para fre\u00edr hasta obtener una textura crujiente por fuera y suave por dentro. Son ideales para servir como acompa\u00f1amiento de carnes, pollo o pescado, o como base para preparar patacones rellenos con queso, carne o guacamole. Un cl\u00e1sico muy popular en la cocina latinoamericana y caribe\u00f1a.<\/p>\n<\/div>\n<\/div>\n<\/div>","protected":false},"featured_media":8501,"comment_status":"open","ping_status":"closed","template":"","meta":{"_joinchat":[]},"product_brand":[],"product_cat":[92,50],"product_tag":[],"class_list":{"0":"post-8498","1":"product","2":"type-product","3":"status-publish","4":"has-post-thumbnail","6":"product_cat-yuca-platano-papa","7":"product_cat-congelados","9":"first","10":"instock","11":"shipping-taxable","12":"product-type-simple"},"_links":{"self":[{"href":"https:\/\/quesoslaricura.com\/en\/wp-json\/wp\/v2\/product\/8498","targetHints":{"allow":["GET"]}}],"collection":[{"href":"https:\/\/quesoslaricura.com\/en\/wp-json\/wp\/v2\/product"}],"about":[{"href":"https:\/\/quesoslaricura.com\/en\/wp-json\/wp\/v2\/types\/product"}],"replies":[{"embeddable":true,"href":"https:\/\/quesoslaricura.com\/en\/wp-json\/wp\/v2\/comments?post=8498"}],"version-history":[{"count":3,"href":"https:\/\/quesoslaricura.com\/en\/wp-json\/wp\/v2\/product\/8498\/revisions"}],"predecessor-version":[{"id":11902,"href":"https:\/\/quesoslaricura.com\/en\/wp-json\/wp\/v2\/product\/8498\/revisions\/11902"}],"wp:featuredmedia":[{"embeddable":true,"href":"https:\/\/quesoslaricura.com\/en\/wp-json\/wp\/v2\/media\/8501"}],"wp:attachment":[{"href":"https:\/\/quesoslaricura.com\/en\/wp-json\/wp\/v2\/media?parent=8498"}],"wp:term":[{"taxonomy":"product_brand","embeddable":true,"href":"https:\/\/quesoslaricura.com\/en\/wp-json\/wp\/v2\/product_brand?post=8498"},{"taxonomy":"product_cat","embeddable":true,"href":"https:\/\/quesoslaricura.com\/en\/wp-json\/wp\/v2\/product_cat?post=8498"},{"taxonomy":"product_tag","embeddable":true,"href":"https:\/\/quesoslaricura.com\/en\/wp-json\/wp\/v2\/product_tag?post=8498"}],"curies":[{"name":"wp","href":"https:\/\/api.w.org\/{rel}","templated":true}]}}