{"id":8529,"date":"2024-10-31T11:12:01","date_gmt":"2024-10-31T16:12:01","guid":{"rendered":"https:\/\/quesoslaricura.com\/?post_type=product&#038;p=8529"},"modified":"2026-03-17T13:54:00","modified_gmt":"2026-03-17T18:54:00","slug":"tortillas-gorditas-ei-michoacano","status":"publish","type":"product","link":"https:\/\/quesoslaricura.com\/en\/product\/tortillas-gorditas-ei-michoacano\/","title":{"rendered":"Tortillas gorditas eI michoacano"},"content":{"rendered":"","protected":false},"excerpt":{"rendered":"<p><strong>Item Codigo:\u00a0<\/strong><\/p>\n<p>876-1<\/p>\n<p><strong>UPC Code<\/strong><\/p>\n<p>76908700876<\/p>\n<p><strong>Packaging \u00a0<\/strong><\/p>\n<p><span data-sheets-value=\"{&quot;1&quot;:2,&quot;2&quot;:&quot;Cajax12 Und&quot;}\" data-sheets-userformat=\"{&quot;2&quot;:14915,&quot;3&quot;:{&quot;1&quot;:0},&quot;4&quot;:{&quot;1&quot;:2,&quot;2&quot;:16777215},&quot;9&quot;:1,&quot;12&quot;:0,&quot;14&quot;:{&quot;1&quot;:2,&quot;2&quot;:0},&quot;15&quot;:&quot;Nunito&quot;,&quot;16&quot;:12}\">Caja por 18 unidades de 21 onzas<\/span><\/p>\n<p><strong>Descripci\u00f3n<\/strong><\/p>\n<p>Tortillas gruesas estilo mexicano, perfectas para preparar gorditas rellenas con carne, pollo, chicharr\u00f3n o frijoles. Su textura permite abrirlas f\u00e1cilmente y disfrutar de un sabor aut\u00e9ntico.<\/p>","protected":false},"featured_media":8530,"comment_status":"open","ping_status":"closed","template":"","meta":{"_joinchat":[]},"product_brand":[],"product_cat":[144,58],"product_tag":[],"class_list":{"0":"post-8529","1":"product","2":"type-product","3":"status-publish","4":"has-post-thumbnail","6":"product_cat-tortillas-de-maiz","7":"product_cat-grocery","9":"first","10":"instock","11":"shipping-taxable","12":"product-type-simple"},"_links":{"self":[{"href":"https:\/\/quesoslaricura.com\/en\/wp-json\/wp\/v2\/product\/8529","targetHints":{"allow":["GET"]}}],"collection":[{"href":"https:\/\/quesoslaricura.com\/en\/wp-json\/wp\/v2\/product"}],"about":[{"href":"https:\/\/quesoslaricura.com\/en\/wp-json\/wp\/v2\/types\/product"}],"replies":[{"embeddable":true,"href":"https:\/\/quesoslaricura.com\/en\/wp-json\/wp\/v2\/comments?post=8529"}],"version-history":[{"count":2,"href":"https:\/\/quesoslaricura.com\/en\/wp-json\/wp\/v2\/product\/8529\/revisions"}],"predecessor-version":[{"id":12054,"href":"https:\/\/quesoslaricura.com\/en\/wp-json\/wp\/v2\/product\/8529\/revisions\/12054"}],"wp:featuredmedia":[{"embeddable":true,"href":"https:\/\/quesoslaricura.com\/en\/wp-json\/wp\/v2\/media\/8530"}],"wp:attachment":[{"href":"https:\/\/quesoslaricura.com\/en\/wp-json\/wp\/v2\/media?parent=8529"}],"wp:term":[{"taxonomy":"product_brand","embeddable":true,"href":"https:\/\/quesoslaricura.com\/en\/wp-json\/wp\/v2\/product_brand?post=8529"},{"taxonomy":"product_cat","embeddable":true,"href":"https:\/\/quesoslaricura.com\/en\/wp-json\/wp\/v2\/product_cat?post=8529"},{"taxonomy":"product_tag","embeddable":true,"href":"https:\/\/quesoslaricura.com\/en\/wp-json\/wp\/v2\/product_tag?post=8529"}],"curies":[{"name":"wp","href":"https:\/\/api.w.org\/{rel}","templated":true}]}}