{"id":9126,"date":"2025-02-11T15:38:57","date_gmt":"2025-02-11T20:38:57","guid":{"rendered":"https:\/\/quesoslaricura.com\/?post_type=product&#038;p=9126"},"modified":"2026-03-02T19:44:52","modified_gmt":"2026-03-03T00:44:52","slug":"bloque-queso-importado-duro-blando","status":"publish","type":"product","link":"https:\/\/quesoslaricura.com\/en\/product\/bloque-queso-importado-duro-blando\/","title":{"rendered":"Bloque queso importado duro blando"},"content":{"rendered":"","protected":false},"excerpt":{"rendered":"<p><strong>Item\u00a0C\u00f3digo\u00a0<\/strong><\/p>\n<p>539-1B<\/p>\n<p><strong>UPC C\u00f3digo\u00a0<\/strong><\/p>\n<p>76908700539<\/p>\n<p><strong>Cantidad \u00a0<\/strong><\/p>\n<p>1 unidad de 10 libras<\/p>\n<p><strong>Descripci\u00f3n<\/strong><\/p>\n<p><strong data-start=\"0\" data-end=\"38\" data-is-only-node=\"\">Bloque queso importado duro blando<\/strong>, pieza de consistencia intermedia que permite cortarse en l\u00e1minas firmes o rallarse seg\u00fan la preparaci\u00f3n. Vers\u00e1til para acompa\u00f1ar desayunos con huevos y pan caliente, integrar en s\u00e1ndwiches tostados o desmenuzar sobre arroz y frijoles. Su equilibrio entre firmeza y suavidad facilita su uso tanto en cocina casera como en servicio comercial.<\/p>","protected":false},"featured_media":9127,"comment_status":"open","ping_status":"closed","template":"","meta":{"_joinchat":[]},"product_brand":[],"product_cat":[82,80],"product_tag":[],"class_list":{"0":"post-9126","1":"product","2":"type-product","3":"status-publish","4":"has-post-thumbnail","6":"product_cat-bulk-quesos-duros","7":"product_cat-productos-para-dely-y-restaurantes","9":"first","10":"instock","11":"shipping-taxable","12":"product-type-simple"},"_links":{"self":[{"href":"https:\/\/quesoslaricura.com\/en\/wp-json\/wp\/v2\/product\/9126","targetHints":{"allow":["GET"]}}],"collection":[{"href":"https:\/\/quesoslaricura.com\/en\/wp-json\/wp\/v2\/product"}],"about":[{"href":"https:\/\/quesoslaricura.com\/en\/wp-json\/wp\/v2\/types\/product"}],"replies":[{"embeddable":true,"href":"https:\/\/quesoslaricura.com\/en\/wp-json\/wp\/v2\/comments?post=9126"}],"version-history":[{"count":2,"href":"https:\/\/quesoslaricura.com\/en\/wp-json\/wp\/v2\/product\/9126\/revisions"}],"predecessor-version":[{"id":11667,"href":"https:\/\/quesoslaricura.com\/en\/wp-json\/wp\/v2\/product\/9126\/revisions\/11667"}],"wp:featuredmedia":[{"embeddable":true,"href":"https:\/\/quesoslaricura.com\/en\/wp-json\/wp\/v2\/media\/9127"}],"wp:attachment":[{"href":"https:\/\/quesoslaricura.com\/en\/wp-json\/wp\/v2\/media?parent=9126"}],"wp:term":[{"taxonomy":"product_brand","embeddable":true,"href":"https:\/\/quesoslaricura.com\/en\/wp-json\/wp\/v2\/product_brand?post=9126"},{"taxonomy":"product_cat","embeddable":true,"href":"https:\/\/quesoslaricura.com\/en\/wp-json\/wp\/v2\/product_cat?post=9126"},{"taxonomy":"product_tag","embeddable":true,"href":"https:\/\/quesoslaricura.com\/en\/wp-json\/wp\/v2\/product_tag?post=9126"}],"curies":[{"name":"wp","href":"https:\/\/api.w.org\/{rel}","templated":true}]}}