{"id":9128,"date":"2025-02-11T15:42:11","date_gmt":"2025-02-11T20:42:11","guid":{"rendered":"https:\/\/quesoslaricura.com\/?post_type=product&#038;p=9128"},"modified":"2026-03-02T19:28:31","modified_gmt":"2026-03-03T00:28:31","slug":"bloque-queso-costeno-colombiano","status":"publish","type":"product","link":"https:\/\/quesoslaricura.com\/en\/product\/bloque-queso-costeno-colombiano\/","title":{"rendered":"Bloque queso coste\u00f1o Colombiano"},"content":{"rendered":"","protected":false},"excerpt":{"rendered":"<p><strong>Item\u00a0C\u00f3digo\u00a0<\/strong><\/p>\n<p>404-1B<\/p>\n<p><strong>UPC C\u00f3digo\u00a0<\/strong><\/p>\n<p>76908700404<\/p>\n<p><strong>Cantidad \u00a0<\/strong><\/p>\n<p>1 unidad de 10 libras<\/p>\n<p><strong>Descripci\u00f3n<\/strong><\/p>\n<p><strong data-start=\"0\" data-end=\"35\" data-is-only-node=\"\">Bloque queso coste\u00f1o colombiano<\/strong>, pieza firme con punto de sal caracter\u00edstico del Caribe. Puede cortarse en cubos para acompa\u00f1ar yuca cocida, desmoronarse sobre arepas calientes o rallarse para arroz con coco. Tambi\u00e9n es com\u00fan servirlo junto a suero y patacones, aportando contraste y presencia en el plato.<\/p>","protected":false},"featured_media":9129,"comment_status":"open","ping_status":"closed","template":"","meta":{"_joinchat":[]},"product_brand":[],"product_cat":[82,80],"product_tag":[],"class_list":{"0":"post-9128","1":"product","2":"type-product","3":"status-publish","4":"has-post-thumbnail","6":"product_cat-bulk-quesos-duros","7":"product_cat-productos-para-dely-y-restaurantes","9":"first","10":"instock","11":"shipping-taxable","12":"product-type-simple"},"_links":{"self":[{"href":"https:\/\/quesoslaricura.com\/en\/wp-json\/wp\/v2\/product\/9128","targetHints":{"allow":["GET"]}}],"collection":[{"href":"https:\/\/quesoslaricura.com\/en\/wp-json\/wp\/v2\/product"}],"about":[{"href":"https:\/\/quesoslaricura.com\/en\/wp-json\/wp\/v2\/types\/product"}],"replies":[{"embeddable":true,"href":"https:\/\/quesoslaricura.com\/en\/wp-json\/wp\/v2\/comments?post=9128"}],"version-history":[{"count":2,"href":"https:\/\/quesoslaricura.com\/en\/wp-json\/wp\/v2\/product\/9128\/revisions"}],"predecessor-version":[{"id":11665,"href":"https:\/\/quesoslaricura.com\/en\/wp-json\/wp\/v2\/product\/9128\/revisions\/11665"}],"wp:featuredmedia":[{"embeddable":true,"href":"https:\/\/quesoslaricura.com\/en\/wp-json\/wp\/v2\/media\/9129"}],"wp:attachment":[{"href":"https:\/\/quesoslaricura.com\/en\/wp-json\/wp\/v2\/media?parent=9128"}],"wp:term":[{"taxonomy":"product_brand","embeddable":true,"href":"https:\/\/quesoslaricura.com\/en\/wp-json\/wp\/v2\/product_brand?post=9128"},{"taxonomy":"product_cat","embeddable":true,"href":"https:\/\/quesoslaricura.com\/en\/wp-json\/wp\/v2\/product_cat?post=9128"},{"taxonomy":"product_tag","embeddable":true,"href":"https:\/\/quesoslaricura.com\/en\/wp-json\/wp\/v2\/product_tag?post=9128"}],"curies":[{"name":"wp","href":"https:\/\/api.w.org\/{rel}","templated":true}]}}