{"id":9279,"date":"2025-05-02T18:31:01","date_gmt":"2025-05-02T23:31:01","guid":{"rendered":"https:\/\/quesoslaricura.com\/?post_type=product&#038;p=9279"},"modified":"2026-03-26T12:26:23","modified_gmt":"2026-03-26T17:26:23","slug":"chorizo-de-cerdo-receta-salvadorena","status":"publish","type":"product","link":"https:\/\/quesoslaricura.com\/en\/product\/chorizo-de-cerdo-receta-salvadorena\/","title":{"rendered":"Chorizo de cerdo receta Salvadore\u00f1a"},"content":{"rendered":"","protected":false},"excerpt":{"rendered":"<p><strong>tem\u00a0C\u00f3digo\u00a0<\/strong><\/p>\n<p>917-1<\/p>\n<p><strong>UPC C\u00f3digo\u00a0<\/strong><\/p>\n<p>76908700917<\/p>\n<p><strong>Cantidad \u00a0<\/strong><\/p>\n<p>Caja por 12 unidades de 14 onzas<\/p>\n<p><strong>Descripci\u00f3n<\/strong><\/p>\n<p>Chorizo de cerdo preparado con la receta tradicional salvadore\u00f1a, elaborado con carne de cerdo y una mezcla de especias que resaltan su sabor aut\u00e9ntico. Ideal para preparar a la parrilla, frito o como acompa\u00f1amiento de pupusas, tortillas, frijoles y desayunos t\u00edpicos centroamericanos.<\/p>","protected":false},"featured_media":9282,"comment_status":"open","ping_status":"closed","template":"","meta":{"_joinchat":[]},"product_brand":[],"product_cat":[307],"product_tag":[],"class_list":{"0":"post-9279","1":"product","2":"type-product","3":"status-publish","4":"has-post-thumbnail","6":"product_cat-carnes","8":"first","9":"instock","10":"shipping-taxable","11":"product-type-simple"},"_links":{"self":[{"href":"https:\/\/quesoslaricura.com\/en\/wp-json\/wp\/v2\/product\/9279","targetHints":{"allow":["GET"]}}],"collection":[{"href":"https:\/\/quesoslaricura.com\/en\/wp-json\/wp\/v2\/product"}],"about":[{"href":"https:\/\/quesoslaricura.com\/en\/wp-json\/wp\/v2\/types\/product"}],"replies":[{"embeddable":true,"href":"https:\/\/quesoslaricura.com\/en\/wp-json\/wp\/v2\/comments?post=9279"}],"version-history":[{"count":3,"href":"https:\/\/quesoslaricura.com\/en\/wp-json\/wp\/v2\/product\/9279\/revisions"}],"predecessor-version":[{"id":12337,"href":"https:\/\/quesoslaricura.com\/en\/wp-json\/wp\/v2\/product\/9279\/revisions\/12337"}],"wp:featuredmedia":[{"embeddable":true,"href":"https:\/\/quesoslaricura.com\/en\/wp-json\/wp\/v2\/media\/9282"}],"wp:attachment":[{"href":"https:\/\/quesoslaricura.com\/en\/wp-json\/wp\/v2\/media?parent=9279"}],"wp:term":[{"taxonomy":"product_brand","embeddable":true,"href":"https:\/\/quesoslaricura.com\/en\/wp-json\/wp\/v2\/product_brand?post=9279"},{"taxonomy":"product_cat","embeddable":true,"href":"https:\/\/quesoslaricura.com\/en\/wp-json\/wp\/v2\/product_cat?post=9279"},{"taxonomy":"product_tag","embeddable":true,"href":"https:\/\/quesoslaricura.com\/en\/wp-json\/wp\/v2\/product_tag?post=9279"}],"curies":[{"name":"wp","href":"https:\/\/api.w.org\/{rel}","templated":true}]}}