{"id":9284,"date":"2025-05-02T18:50:21","date_gmt":"2025-05-02T23:50:21","guid":{"rendered":"https:\/\/quesoslaricura.com\/?post_type=product&#038;p=9284"},"modified":"2026-03-28T07:16:11","modified_gmt":"2026-03-28T12:16:11","slug":"olancho-chorizo-de-cerdo-receta-hondurena","status":"publish","type":"product","link":"https:\/\/quesoslaricura.com\/en\/product\/olancho-chorizo-de-cerdo-receta-hondurena\/","title":{"rendered":"Olancho chorizo de cerdo receta Hondure\u00f1a"},"content":{"rendered":"","protected":false},"excerpt":{"rendered":"<p><strong>tem\u00a0C\u00f3digo\u00a0<\/strong><\/p>\n<p>998-1<\/p>\n<p><strong>UPC C\u00f3digo\u00a0<\/strong><\/p>\n<p>76908700998<\/p>\n<p><strong>Cantidad \u00a0<\/strong><\/p>\n<p>Caja de 12 unidades de 14 onzas<\/p>\n<p><strong>Descripci\u00f3n<\/strong><\/p>\n<p>Chorizo de cerdo estilo hondure\u00f1o de la marca Olancho, elaborado con una receta tradicional que resalta el sabor de la carne y las especias t\u00edpicas de Honduras. Perfecto para cocinar a la parrilla o en sart\u00e9n y disfrutar con tortillas, frijoles, huevos y pl\u00e1tano maduro.<\/p>","protected":false},"featured_media":9285,"comment_status":"open","ping_status":"closed","template":"","meta":{"_joinchat":[]},"product_brand":[],"product_cat":[307],"product_tag":[],"class_list":{"0":"post-9284","1":"product","2":"type-product","3":"status-publish","4":"has-post-thumbnail","6":"product_cat-carnes","8":"first","9":"instock","10":"shipping-taxable","11":"product-type-simple"},"_links":{"self":[{"href":"https:\/\/quesoslaricura.com\/en\/wp-json\/wp\/v2\/product\/9284","targetHints":{"allow":["GET"]}}],"collection":[{"href":"https:\/\/quesoslaricura.com\/en\/wp-json\/wp\/v2\/product"}],"about":[{"href":"https:\/\/quesoslaricura.com\/en\/wp-json\/wp\/v2\/types\/product"}],"replies":[{"embeddable":true,"href":"https:\/\/quesoslaricura.com\/en\/wp-json\/wp\/v2\/comments?post=9284"}],"version-history":[{"count":3,"href":"https:\/\/quesoslaricura.com\/en\/wp-json\/wp\/v2\/product\/9284\/revisions"}],"predecessor-version":[{"id":12407,"href":"https:\/\/quesoslaricura.com\/en\/wp-json\/wp\/v2\/product\/9284\/revisions\/12407"}],"wp:featuredmedia":[{"embeddable":true,"href":"https:\/\/quesoslaricura.com\/en\/wp-json\/wp\/v2\/media\/9285"}],"wp:attachment":[{"href":"https:\/\/quesoslaricura.com\/en\/wp-json\/wp\/v2\/media?parent=9284"}],"wp:term":[{"taxonomy":"product_brand","embeddable":true,"href":"https:\/\/quesoslaricura.com\/en\/wp-json\/wp\/v2\/product_brand?post=9284"},{"taxonomy":"product_cat","embeddable":true,"href":"https:\/\/quesoslaricura.com\/en\/wp-json\/wp\/v2\/product_cat?post=9284"},{"taxonomy":"product_tag","embeddable":true,"href":"https:\/\/quesoslaricura.com\/en\/wp-json\/wp\/v2\/product_tag?post=9284"}],"curies":[{"name":"wp","href":"https:\/\/api.w.org\/{rel}","templated":true}]}}