{"id":9513,"date":"2025-06-20T17:46:52","date_gmt":"2025-06-20T22:46:52","guid":{"rendered":"https:\/\/quesoslaricura.com\/?post_type=product&#038;p=9513"},"modified":"2026-03-28T07:26:55","modified_gmt":"2026-03-28T12:26:55","slug":"chorizo-de-cerdo-receta-ecuatoriana-cocido-14-oz","status":"publish","type":"product","link":"https:\/\/quesoslaricura.com\/en\/product\/chorizo-de-cerdo-receta-ecuatoriana-cocido-14-oz\/","title":{"rendered":"Chorizo receta Ecuatoriana"},"content":{"rendered":"","protected":false},"excerpt":{"rendered":"<p><strong>tem\u00a0C\u00f3digo\u00a0<\/strong><\/p>\n<p>52-C1<\/p>\n<p><strong>UPC C\u00f3digo\u00a0<\/strong><\/p>\n<p>76908700052<\/p>\n<p><strong>Cantidad\u00a0<\/strong><\/p>\n<p>Caja por 12 unidades de 14 onzas<\/p>\n<p><strong>Descripci\u00f3n<\/strong><\/p>\n<p>Chorizo de cerdo ecuatoriano cocido, listo para calentar y disfrutar. Su sabor aut\u00e9ntico y bien sazonado lo convierte en una excelente opci\u00f3n para acompa\u00f1ar arroz, papas, arepas o preparar deliciosas parrilladas y platos t\u00edpicos latinoamericanos.<\/p>","protected":false},"featured_media":9514,"comment_status":"open","ping_status":"closed","template":"","meta":{"_joinchat":[]},"product_brand":[],"product_cat":[307],"product_tag":[],"class_list":{"0":"post-9513","1":"product","2":"type-product","3":"status-publish","4":"has-post-thumbnail","6":"product_cat-carnes","8":"first","9":"instock","10":"shipping-taxable","11":"product-type-simple"},"_links":{"self":[{"href":"https:\/\/quesoslaricura.com\/en\/wp-json\/wp\/v2\/product\/9513","targetHints":{"allow":["GET"]}}],"collection":[{"href":"https:\/\/quesoslaricura.com\/en\/wp-json\/wp\/v2\/product"}],"about":[{"href":"https:\/\/quesoslaricura.com\/en\/wp-json\/wp\/v2\/types\/product"}],"replies":[{"embeddable":true,"href":"https:\/\/quesoslaricura.com\/en\/wp-json\/wp\/v2\/comments?post=9513"}],"version-history":[{"count":3,"href":"https:\/\/quesoslaricura.com\/en\/wp-json\/wp\/v2\/product\/9513\/revisions"}],"predecessor-version":[{"id":12414,"href":"https:\/\/quesoslaricura.com\/en\/wp-json\/wp\/v2\/product\/9513\/revisions\/12414"}],"wp:featuredmedia":[{"embeddable":true,"href":"https:\/\/quesoslaricura.com\/en\/wp-json\/wp\/v2\/media\/9514"}],"wp:attachment":[{"href":"https:\/\/quesoslaricura.com\/en\/wp-json\/wp\/v2\/media?parent=9513"}],"wp:term":[{"taxonomy":"product_brand","embeddable":true,"href":"https:\/\/quesoslaricura.com\/en\/wp-json\/wp\/v2\/product_brand?post=9513"},{"taxonomy":"product_cat","embeddable":true,"href":"https:\/\/quesoslaricura.com\/en\/wp-json\/wp\/v2\/product_cat?post=9513"},{"taxonomy":"product_tag","embeddable":true,"href":"https:\/\/quesoslaricura.com\/en\/wp-json\/wp\/v2\/product_tag?post=9513"}],"curies":[{"name":"wp","href":"https:\/\/api.w.org\/{rel}","templated":true}]}}