{"id":9548,"date":"2025-07-15T09:00:50","date_gmt":"2025-07-15T14:00:50","guid":{"rendered":"https:\/\/quesoslaricura.com\/?post_type=product&#038;p=9548"},"modified":"2026-03-20T12:34:37","modified_gmt":"2026-03-20T17:34:37","slug":"bolsa-para-charamuscas","status":"publish","type":"product","link":"https:\/\/quesoslaricura.com\/en\/product\/bolsa-para-charamuscas\/","title":{"rendered":"Bolsa para charamuscas"},"content":{"rendered":"","protected":false},"excerpt":{"rendered":"<p><strong>tem\u00a0C\u00f3digo\u00a0<\/strong><\/p>\n<p>534-1<\/p>\n<p><strong>UPC C\u00f3digo\u00a0<\/strong><\/p>\n<p>76908700534<\/p>\n<p><strong>Cantidad \u00a0<\/strong><\/p>\n<p>Caja por 1 \u00a0unidad de12 paquetes por 100 unidades cada uno<\/p>\n<p><strong>Descripci\u00f3n<\/strong><\/p>\n<p>Pr\u00e1cticas bolsas dise\u00f1adas especialmente para preparar y empacar charamuscas, ideales para uso comercial o casero. Cada presentaci\u00f3n incluye 12 paquetes con 100 unidades cada uno, ofreciendo gran rendimiento y facilidad para la elaboraci\u00f3n de helados artesanales. Resistentes y funcionales, perfectas para negocios de bebidas congeladas o emprendimientos.<\/p>","protected":false},"featured_media":9551,"comment_status":"open","ping_status":"closed","template":"","meta":{"_joinchat":[]},"product_brand":[],"product_cat":[146,145],"product_tag":[],"class_list":{"0":"post-9548","1":"product","2":"type-product","3":"status-publish","4":"has-post-thumbnail","6":"product_cat-bolsas","7":"product_cat-miscelaneos","9":"first","10":"instock","11":"shipping-taxable","12":"product-type-simple"},"_links":{"self":[{"href":"https:\/\/quesoslaricura.com\/en\/wp-json\/wp\/v2\/product\/9548","targetHints":{"allow":["GET"]}}],"collection":[{"href":"https:\/\/quesoslaricura.com\/en\/wp-json\/wp\/v2\/product"}],"about":[{"href":"https:\/\/quesoslaricura.com\/en\/wp-json\/wp\/v2\/types\/product"}],"replies":[{"embeddable":true,"href":"https:\/\/quesoslaricura.com\/en\/wp-json\/wp\/v2\/comments?post=9548"}],"version-history":[{"count":4,"href":"https:\/\/quesoslaricura.com\/en\/wp-json\/wp\/v2\/product\/9548\/revisions"}],"predecessor-version":[{"id":12248,"href":"https:\/\/quesoslaricura.com\/en\/wp-json\/wp\/v2\/product\/9548\/revisions\/12248"}],"wp:featuredmedia":[{"embeddable":true,"href":"https:\/\/quesoslaricura.com\/en\/wp-json\/wp\/v2\/media\/9551"}],"wp:attachment":[{"href":"https:\/\/quesoslaricura.com\/en\/wp-json\/wp\/v2\/media?parent=9548"}],"wp:term":[{"taxonomy":"product_brand","embeddable":true,"href":"https:\/\/quesoslaricura.com\/en\/wp-json\/wp\/v2\/product_brand?post=9548"},{"taxonomy":"product_cat","embeddable":true,"href":"https:\/\/quesoslaricura.com\/en\/wp-json\/wp\/v2\/product_cat?post=9548"},{"taxonomy":"product_tag","embeddable":true,"href":"https:\/\/quesoslaricura.com\/en\/wp-json\/wp\/v2\/product_tag?post=9548"}],"curies":[{"name":"wp","href":"https:\/\/api.w.org\/{rel}","templated":true}]}}